{"id":113,"date":"2019-11-01T22:27:44","date_gmt":"2019-11-01T22:27:44","guid":{"rendered":"https:\/\/www.hosting124082.a2fd9.netcup.net\/multigatest\/?page_id=113"},"modified":"2023-03-21T08:24:17","modified_gmt":"2023-03-21T08:24:17","slug":"sprachkurse-fuer-firmen","status":"publish","type":"page","link":"https:\/\/www.multiga.de\/index.php\/sprachkurse-fuer-firmen\/","title":{"rendered":"Sprachkurse f\u00fcr Firmen"},"content":{"rendered":"\r\n<div class=\"wp-block-media-text alignfull\" style=\"grid-template-columns: 19% auto;\">\r\n<figure class=\"wp-block-media-text__media\"><img loading=\"lazy\" decoding=\"async\" width=\"735\" height=\"490\" class=\"wp-image-230\" src=\"https:\/\/www.multiga.de\/wp-content\/uploads\/2019\/11\/3669489.jpg\" alt=\"\" srcset=\"https:\/\/www.multiga.de\/wp-content\/uploads\/2019\/11\/3669489.jpg 735w, https:\/\/www.multiga.de\/wp-content\/uploads\/2019\/11\/3669489-300x200.jpg 300w\" sizes=\"auto, (max-width: 735px) 100vw, 735px\" \/><\/figure>\r\n<div class=\"wp-block-media-text__content\">\r\n<p class=\"has-background has-large-font-size has-secondary-background-color\">Fach- und Wirtschaftsenglisch<br \/>Corporate Language Training<\/p>\r\n<\/div>\r\n<\/div>\r\n\r\n\r\n\r\n<p>multiga Sprachenservice ist auf Sprachkurse f\u00fcr Firmen spezialisiert. Unser Angebot bietet Sprachkurse f\u00fcr Klein-, Mittel und Gro\u00dfkonzerne bis zu Global Playern.<\/p>\r\n\r\n\r\n\r\n<p>Seit \u00fcber 21 Jahren unterrichten wir in Unternehmen unterschiedlichster Gr\u00f6\u00dfen und Branchen. Unser Leistungsangebot beschr\u00e4nkt sich nicht nur auf die sprachliche Weiterqualifizierung von Mitarbeitern, Fach- und F\u00fchrungskr\u00e4ften, sondern umfasst eine breite Palette von Zusatzleistungen &#8211; von der Erstellung von Einstufungstests, firmenspezifischenTerminologie-Glossaren und Trainingspl\u00e4nen bis hin zu kompletten Benchmarking- und Zertifizierungssystemen. <em><strong><a href=\"https:\/\/www.multiga.de\/index.php\/business-english\/\">Einige unserer Kurse f\u00fcr Business-English finden Sie hier.<\/a><\/strong><\/em><\/p>\r\n\r\n\r\n\r\n<p>In der heutigen Zeit, nutzen immer mehr erfolgsorientierte Unternehmen die voranschreitende Globalisierung, um neue internationale Wirtschaftsplattformen zu erschlie\u00dfen. Das akkurate Erlernen einer Fremdsprache erlangt hierdurch essenzieller Bedeutung.\u00a0Falls auch Sie sich \u201efit\u201c f\u00fcr die steigenden beruflichen Herausforderungen des internationalen Marktes halten m\u00f6chten, sollten Sie auf die Unterst\u00fctzung eines kompetenten Partners zur\u00fcckgreifen.<\/p>\r\n\r\n\r\n\r\n<p>Unsere Dozenten sind nicht nur Muttersprachler, sondern Trainer, die \u00fcber perfekte Sprachkenntnisse sowie eine mehrj\u00e4hrige Berufserfahrung oder ein abgeschlossenes Wirtschaftsstudium verf\u00fcgen.<\/p>\r\n\r\n\r\n\r\n<p>Auch in unserem eigenem Dozententeam legen wir gro\u00dfen Wert auf kontinuerliches Training und Weiterbildung, um up-to-date zu sein und unseren Kunden stets die Entwicklung ihrer Sprachkenntnisse auf hohem Niveau zu garantieren. <strong>multiga<\/strong> arbeitet eng mit verschiedenen Bildungstr\u00e4gern und Verlagen zusammen.<\/p>\r\n\r\n\r\n\r\n<p>Unsere Kunden finden sich in allen Branchen von z.B. Banking, Pharmaindustrie, Ingenieurb\u00fcros u.a. Siehe <a href=\"https:\/\/www.multiga.de\/index.php\/referenzen\/\">unsere Kunden.<\/a><\/p>\r\n\r\n\r\n\r\n<p>Wir bieten innovative und gleichzeitig \u00e4u\u00dferst erfolgreiche Methoden der Fremdsprachenvermittlung an. Genau wie sich die Anforderung an die Arbeitswelt permanent wandelt und die Kommunikations- und Selbstdarstellungsf\u00e4higkeit des Einzelnen stark an Bedeutung zugenommen hat, so \u00e4ndert sich auch ein bestehendes Trainingskonzept st\u00e4ndig.<\/p>\r\n\r\n\r\n\r\n<p>\u00a0Unsere Kurse vermitteln:<\/p>\r\n\r\n\r\n\r\n<ul class=\"wp-block-list\">\r\n<li>Aufbau und Entwicklung kommunikativer F\u00e4higkeiten<\/li>\r\n<li>Verbesserung der m\u00fcndlichen Ausdrucksf\u00e4higkeit und des schriftlichen Ausdrucks<\/li>\r\n<li>Entwicklung des H\u00f6r- und Leseverst\u00e4ndnisses<\/li>\r\n<li>Grammatiksicherheit<\/li>\r\n<li>Verbesserung Ihrer Aussprache<\/li>\r\n<li>Kommunikationskomponenten aus dem Wirtschaftsleben<\/li>\r\n<li>Wirtschaftsvokabular<\/li>\r\n<li>Aufsetzen von Memos und Briefen<\/li>\r\n<li>Erstellen von formellen Berichten<\/li>\r\n<li>Vorbereitung f\u00fcr Vortr\u00e4ge<\/li>\r\n<\/ul>\r\n\r\n\r\n\r\n<p>Je mehr wir \u00fcber Ihre konkreten Ziele und Anforderungen wissen, desto besser k\u00f6nnen wir Ihnen das richtige Kurs und Lernmaterial empfehlen. M\u00f6chten auch Sie von unserer Erfahrung profitieren? Gerne unterbreiten wir Ihnen ein auf Ihre Branche, und insbesondere Ihr Unternehmen zugeschnittenes Angebot.<\/p>\r\n\r\n\r\n\r\n<p>Wir helfen Ihnen bei der Entscheidung, die f\u00fcr Sie beste Trainingsmodalit\u00e4t zu w\u00e4hlen. Wir trainieren Ihre Mitarbeiter erfolgreich und kosteneffektiv.<\/p>\r\n\r\n\r\n\r\n<p>Vereinbaren Sie unverbindlich einen Termin und wir beraten Sie gerne.<\/p>\r\n\r\n\r\n\r\n<p>&nbsp;<\/p>\r\n","protected":false},"excerpt":{"rendered":"<p>Fach- und WirtschaftsenglischCorporate Language Training multiga Sprachenservice ist auf Sprachkurse f\u00fcr Firmen spezialisiert. Unser Angebot bietet Sprachkurse f\u00fcr Klein-, Mittel und Gro\u00dfkonzerne bis zu Global Playern. Seit \u00fcber 21 Jahren unterrichten wir in Unternehmen unterschiedlichster Gr\u00f6\u00dfen und Branchen. Unser Leistungsangebot beschr\u00e4nkt sich nicht nur auf die sprachliche Weiterqualifizierung von Mitarbeitern, Fach- und F\u00fchrungskr\u00e4ften, sondern umfasst &hellip; <\/p>\n<p class=\"link-more\"><a href=\"https:\/\/www.multiga.de\/index.php\/sprachkurse-fuer-firmen\/\" class=\"more-link\"><span class=\"screen-reader-text\">\u201eSprachkurse f\u00fcr Firmen\u201c <\/span>weiterlesen<\/a><\/p>\n","protected":false},"author":3,"featured_media":0,"parent":0,"menu_order":0,"comment_status":"closed","ping_status":"closed","template":"","meta":{"footnotes":""},"class_list":["post-113","page","type-page","status-publish","hentry","entry"],"_links":{"self":[{"href":"https:\/\/www.multiga.de\/index.php\/wp-json\/wp\/v2\/pages\/113","targetHints":{"allow":["GET"]}}],"collection":[{"href":"https:\/\/www.multiga.de\/index.php\/wp-json\/wp\/v2\/pages"}],"about":[{"href":"https:\/\/www.multiga.de\/index.php\/wp-json\/wp\/v2\/types\/page"}],"author":[{"embeddable":true,"href":"https:\/\/www.multiga.de\/index.php\/wp-json\/wp\/v2\/users\/3"}],"replies":[{"embeddable":true,"href":"https:\/\/www.multiga.de\/index.php\/wp-json\/wp\/v2\/comments?post=113"}],"version-history":[{"count":16,"href":"https:\/\/www.multiga.de\/index.php\/wp-json\/wp\/v2\/pages\/113\/revisions"}],"predecessor-version":[{"id":636,"href":"https:\/\/www.multiga.de\/index.php\/wp-json\/wp\/v2\/pages\/113\/revisions\/636"}],"wp:attachment":[{"href":"https:\/\/www.multiga.de\/index.php\/wp-json\/wp\/v2\/media?parent=113"}],"curies":[{"name":"wp","href":"https:\/\/api.w.org\/{rel}","templated":true}]}}