{"id":118,"date":"2019-11-01T23:16:37","date_gmt":"2019-11-01T23:16:37","guid":{"rendered":"https:\/\/www.hosting124082.a2fd9.netcup.net\/multigatest\/?page_id=118"},"modified":"2019-11-01T23:40:06","modified_gmt":"2019-11-01T23:40:06","slug":"datenschutz","status":"publish","type":"page","link":"https:\/\/www.multiga.de\/index.php\/sample-page\/datenschutz\/","title":{"rendered":"DATENSCHUTZ"},"content":{"rendered":"\n<p>Vielen Dank\nf\u00fcr Ihr Interesse an unserem Onlineauftritt. Der Schutz Ihrer pers\u00f6nlichen\nDaten liegt uns sehr am Herzen. An dieser Stelle m\u00f6chten wir Sie daher \u00fcber den\nDatenschutz in unserem Unternehmen informieren. Selbstverst\u00e4ndlich beachten wir\ndie gesetzlichen Bestimmungen des Datenschutzgesetzes (BDSG) des\nTelemediengesetzes (TMG) und anderer datenschutzrechtlicher Bestimmungen. Bei\nIhren pers\u00f6nlichen Daten k\u00f6nnen Sie uns vertrauen! Sie werden durch digitale Sicherheitssysteme\nverschl\u00fcsselt und an uns \u00fcbertragen. Unsere Webseiten sind durch technische\nMa\u00dfnahmen gegen Besch\u00e4digungen, Zerst\u00f6rung oder unberechtigten Zugriff\ngesch\u00fctzt.<br>\n<br>\n<strong>GEGENSTAND DES DATENSCHUTZES<br>\n<\/strong>Gegenstand des Datenschutzes sind personenbezogene Daten. Diese sind nach \u00a7\n3 Abs. 1 BDSG Einzelangaben \u00fcber pers\u00f6nlich oder sachliche Verh\u00e4ltnisse einer\nbestimmten oder bestimmbaren nat\u00fcrlichen Person. Hierunter fallen z. B. Angaben\nwie Name, Post-Adresse, E-Mail-Adresse oder Telefonnummer, ggf. aber auch Nutzungsdaten\nwie Ihre IP-Adresse.<br>\n<br>\n<strong>UMFANG DER DATENERHEBUNG UND -SPEICHERUNG<br>\n<\/strong>Im Allgemeinen ist es f\u00fcr die Nutzung unserer Internetseite nicht\nerforderlich, dass Sie personenbezogene Daten angeben. Damit wir unsere\nDienstleistungen aber tats\u00e4chlich erbringen k\u00f6nnen, ben\u00f6tigen wir ggf. Ihre\npersonenbezogenen Daten. Dies gilt sowohl bei der Zusendung von\nInformationsmaterial oder bestellter Ware sowie auch f\u00fcr die Beantwortung\nindividueller Anfragen. Wenn Sie uns mit der Erbringung einer Dienstleistung\noder der Zusendung von Ware beauftragen, erheben und speichern wir Ihre\npers\u00f6nlichen Daten grunds\u00e4tzlich nur, soweit es f\u00fcr die Erbringung der\nDienstleistung oder die Durchf\u00fchrung des Vertrages notwendig ist. Dazu kann es\nerforderlich sein, Ihre pers\u00f6nlichen Daten an Unternehmen weiterzugeben, die\nwir zur Erbringung der Dienstleistung oder zur Vertragsabwicklung einsetzen.\nDies sind z. B. Transportunternehmen oder andere Service-Dienste. Nach\nvollst\u00e4ndiger Vertragsabwicklung werden Ihre Daten gesperrt und nach Ablauf der\nsteuer- und handelsrechtlichen Vorschriften gel\u00f6scht, sofern Sie nicht\nausdr\u00fccklich einer dar\u00fcber hinausgehende Datenverwendung zugestimmt haben. Wenn\nSie sich mit Ihrer E-Mail-Adresse f\u00fcr unseren Newsletter angemeldet haben,\nnutzen wir Ihre E-Mail-Adresse auch \u00fcber die Vertragsdurchf\u00fchrung hinaus f\u00fcr\neigene Werbezwecke, bis Sie sich vom Newsletter-Bezug abmelden.<br>\n<br>\n<strong>DATEN-ERHEBUNG DURCH NUTZUNG VON GOOGLE-ANALYTICS<br>\n<\/strong>Unsere Webseite benutzt Google-Analytics, einen Webanalysedienst, der\nGoogle inc. Google-Analytics verwendet sogenannte \u201eCookies\u201c. Dabei handelt es\nsich um Textdateien, die auf Ihrem Computer gespeichert werden und die eine\nAnalyse ihrer Benutzung der Website erm\u00f6glicht. Erfasst werden beispielsweise\nInformationen zum Betriebssystem, zum Browser, Ihrer IP-Adresse, die von Ihnen\nzuvor aufgerufene Webseite (Referrer-URL) und Datum und Uhrzeit Ihres Besuchs\nauf unserer Webseite. Die durch diese Textdatei erzeugten Informationen \u00fcber\ndie Benutzung unserer Webseite werden an einen Server von Google in den USA\n\u00fcbertragen und dort gespeichert. Google wird diese Information benutzen, um\nIhre Nutzung unserer Webseite auszuwerten, um Reports \u00fcber die\nWebseitenaktivit\u00e4t f\u00fcr die Webseitenbetreiber zusammen zu stellen und um\nweitere mit der Webseitennutzung und der Internetnutzung verbundenen\nDienstleistungen zu erbringen. Sofern dies gesetzlich vorgeschrieben ist oder\nsoweit Dritte diese Daten im Auftrag von Google verarbeiten, wird Google diese\nInformation auch an diese Dritten weitergeben. Diese Nutzung erfolgt\nanonymisiert oder pseudonymisiert. N\u00e4here Informationen dar\u00fcber finden Sie\ndirekt bei Google http:\/\/www.google.com\/intl\/de\/privacypolicy.html#information\nGoogle benutzt das DoubleClick DART-Cookie Nutzer k\u00f6nnen die Verwendung des\nDART-Cookies deaktivieren, indem sie die Datenschutzbestimmungen des\nWerbenetzwerks und Content-Werbenetzwerks von Google aufrufen. Dabei werden\nkeinerlei unmittelbare pers\u00f6nliche Daten des Nutzers gespeichert, sondern nur\ndie Internetprotokoll\u2013Adresse. Diese Informationen dienen dazu, Sie bei Ihrem\nn\u00e4chsten Besuch auf unseren Websites automatisch wiederzuerkennen und Ihnen die\nNavigation zu erleichtern. Cookies erlauben es uns beispielsweise, eine Website\nIhren Interessen anzupassen oder Ihr Kennwort zu speichern, damit Sie es nicht\njedes Mal neu eingeben m\u00fcssen. Selbstverst\u00e4ndlich k\u00f6nnen Sie unsere Websites\nauch ohne Cookies betrachten. Wenn Sie nicht m\u00f6chten, dass wir Ihren Computer\nwiedererkennen, k\u00f6nnen Sie das Speichern von Cookies auf Ihrer Festplatte\nverhindern, indem Sie in Ihren Browser-Einstellungen \u201ckeine Cookies\nakzeptieren\u201d w\u00e4hlen. Wie das im einzelnen funktioniert, entnehmen Sie bitte der\nAnleitung Ihres Browser-Herstellers. Wenn Sie keine Cookies akzeptieren, kann\ndieses aber zu Funktionseinschr\u00e4nkungen unserer Angebote f\u00fchren. Sie k\u00f6nnen die\nInstallation der Cookies durch eine entsprechende Einstellung Ihres\nInternetsbenutzungsprogramms (Browser) verhindern. Dazu m\u00fcssen Sie in Ihrem\nInternet-Browser die Speicherung von Cookies ausschalten. N\u00e4here Informationen\nhierzu \u00fcbernehmen Sie bitte den Benutzungshinweisen Ihres Internet-Browsers.<br>\n<br>\n<strong>ERHEBUNG UND SPEICHERUNG VON NUTZUNGSDATEN<br>\n<\/strong>Zur Optimierung unserer Webseite sammeln und speichern wir Daten wie z. B.\nDatum und Uhrzeit des Seitenaufrufs, die Seite, von der Sie unsere Seite\naufgerufen haben und \u00e4hnliches, sofern Sie dieser Datenerhebung und\n-speicherung nicht widersprechen. Dies erfolgt anonymisiert, ohne den Benutzer\nder Seite pers\u00f6nlich zu identifizieren. Ggf. werden Nutzerprofile mittels eines\nPseudonyms erstellt. Auch hierbei erfolgt keine Verbindung zwischen der hinter\ndem Pseudonym stehenden nat\u00fcrlichen Personen mit den erhobenen Nutzungsdaten\nzur Erhebung und Speicherung der Nutzungsdaten setzen wir auch Cookies ein.\nDabei handelt es sich um kleine Textdateien, die auf Ihrem Computer gespeichert\nwerden und zur Speicherung von statistischen Information wie Betriebssystem,\nIhrem Internetbenutzungsprogramm (Browser), IP-Adresse, der zuvor aufgerufene\nWebseite (Referrer-URL) und der Uhrzeit dienen. Diese Daten erheben wir\nausschlie\u00dflich, zu statistischen Zwecken, um unseren Internetauftritt weiter zu\noptimieren und unsere Internetangebote noch attraktiver gestalten zu k\u00f6nnen.\nDie Erhebung und Speicherung erfolgt ausschlie\u00dflich in anonymisierter oder\npseudonymisierter Form und l\u00e4sst keinen R\u00fcckschluss auf Sie als nat\u00fcrlich\nPerson zu.<br>\n<br>\n<strong>ZWECKGEBUNDENE DATENVERWENDUNG<br>\n<\/strong>Wir beachten den Grundsatz der zweckgebundenen Daten-Verwendung und\nerheben, verarbeiten und speichern Ihre personenbezogenen Daten nur f\u00fcr die\nZwecke, f\u00fcr die Sie sie uns mitgeteilt haben. Eine Weitergabe Ihrer\npers\u00f6nlichen Daten an Dritte erfolgt ohne Ihre ausdr\u00fcckliche Einwilligung\nnicht, sofern dies nicht zur Erbringung der Dienstleistung oder zur\nVertragsdurchf\u00fchrung notwendig ist. Auch die \u00dcbermittlung an\nauskunftsberechtigte staatliche Institution und Beh\u00f6rden erfolgt nur im Rahmen\nder gesetzlichen Auskunftspflichten oder wenn wir durch eine gerichtliche\nEntscheidung zur Auskunft verpflichtet werden. Auch den unternehmensinternen\nDatenschutz nehmen wir sehr ernst. Unsere Mitarbeiter und die von uns\nbeauftragten Dienstleistungsunternehmen sind von uns zur Verschwiegenheit und\nzur Einhaltung der datenschutzrechtlichen Bestimmungen verpflichtet worden.\nAUSKUNFT- UND WIDERRUFSRECHT<br>\n<br>\nSie erhalten jederzeit ohne Angabe von Gr\u00fcnden kostenfrei Auskunft \u00fcber Ihre\nbei uns gespeicherten Daten. Sie k\u00f6nnen jederzeit Ihre bei uns erhobenen Daten\nsperren, berichtigen oder l\u00f6schen lassen und der anonymisierten oder\npseudonymisierten Datenerhebung und -speicherung zu Optimierungszwecken unserer\nWebsite widersprechen. Auch k\u00f6nnen Sie jederzeit die uns erteilte Einwilligung\nzur Datenerhebung und Verwendung ohne Angaben von Gr\u00fcnden widerrufen. Wenden\nSie sich hierzu bitte an die im Impressum angegebene Kontaktadresse. Wir stehen\nIhnen jederzeit gern f\u00fcr weitergehende Fragen zu unserem Hinweisen zum\nDatenschutz und zur Verarbeitung Ihrer pers\u00f6nlichen Daten zur Verf\u00fcgung.\nBeachten sie, dass sich Datenschutzbestimmungen und Handhabungen zum\nDatenschutz, z. B. bei Google, laufend \u00e4ndern k\u00f6nnen. Es ist daher ratsam und\nerforderlich, sich \u00fcber Ver\u00e4nderungen der gesetzlichen Bestimmungen und der\nPraxis von Unternehmen, z. B. Google, laufend zu informieren.<\/p>\n","protected":false},"excerpt":{"rendered":"<p>Vielen Dank f\u00fcr Ihr Interesse an unserem Onlineauftritt. Der Schutz Ihrer pers\u00f6nlichen Daten liegt uns sehr am Herzen. An dieser Stelle m\u00f6chten wir Sie daher \u00fcber den Datenschutz in unserem Unternehmen informieren. Selbstverst\u00e4ndlich beachten wir die gesetzlichen Bestimmungen des Datenschutzgesetzes (BDSG) des Telemediengesetzes (TMG) und anderer datenschutzrechtlicher Bestimmungen. Bei Ihren pers\u00f6nlichen Daten k\u00f6nnen Sie uns &hellip; <\/p>\n<p class=\"link-more\"><a href=\"https:\/\/www.multiga.de\/index.php\/sample-page\/datenschutz\/\" class=\"more-link\"><span class=\"screen-reader-text\">\u201eDATENSCHUTZ\u201c <\/span>weiterlesen<\/a><\/p>\n","protected":false},"author":3,"featured_media":0,"parent":2,"menu_order":0,"comment_status":"closed","ping_status":"closed","template":"","meta":{"footnotes":""},"class_list":["post-118","page","type-page","status-publish","hentry","entry"],"_links":{"self":[{"href":"https:\/\/www.multiga.de\/index.php\/wp-json\/wp\/v2\/pages\/118","targetHints":{"allow":["GET"]}}],"collection":[{"href":"https:\/\/www.multiga.de\/index.php\/wp-json\/wp\/v2\/pages"}],"about":[{"href":"https:\/\/www.multiga.de\/index.php\/wp-json\/wp\/v2\/types\/page"}],"author":[{"embeddable":true,"href":"https:\/\/www.multiga.de\/index.php\/wp-json\/wp\/v2\/users\/3"}],"replies":[{"embeddable":true,"href":"https:\/\/www.multiga.de\/index.php\/wp-json\/wp\/v2\/comments?post=118"}],"version-history":[{"count":1,"href":"https:\/\/www.multiga.de\/index.php\/wp-json\/wp\/v2\/pages\/118\/revisions"}],"predecessor-version":[{"id":119,"href":"https:\/\/www.multiga.de\/index.php\/wp-json\/wp\/v2\/pages\/118\/revisions\/119"}],"up":[{"embeddable":true,"href":"https:\/\/www.multiga.de\/index.php\/wp-json\/wp\/v2\/pages\/2"}],"wp:attachment":[{"href":"https:\/\/www.multiga.de\/index.php\/wp-json\/wp\/v2\/media?parent=118"}],"curies":[{"name":"wp","href":"https:\/\/api.w.org\/{rel}","templated":true}]}}