{"id":125,"date":"2019-11-02T06:14:13","date_gmt":"2019-11-02T06:14:13","guid":{"rendered":"https:\/\/www.hosting124082.a2fd9.netcup.net\/multigatest\/?page_id=125"},"modified":"2023-02-28T19:27:43","modified_gmt":"2023-02-28T19:27:43","slug":"aktiv-lernen","status":"publish","type":"page","link":"https:\/\/www.multiga.de\/index.php\/aktiv-lernen\/","title":{"rendered":"Aktiv Lernen"},"content":{"rendered":"\r\n<div class=\"wp-block-media-text alignfull has-background has-secondary-background-color\" style=\"grid-template-columns: 15% auto;\">\r\n<figure class=\"wp-block-media-text__media\"><img loading=\"lazy\" decoding=\"async\" width=\"768\" height=\"1024\" class=\"wp-image-149\" src=\"https:\/\/www.multiga.de\/wp-content\/uploads\/2019\/11\/walk-768x1024.jpg\" alt=\"\" srcset=\"https:\/\/www.multiga.de\/wp-content\/uploads\/2019\/11\/walk-768x1024.jpg 768w, https:\/\/www.multiga.de\/wp-content\/uploads\/2019\/11\/walk-225x300.jpg 225w, https:\/\/www.multiga.de\/wp-content\/uploads\/2019\/11\/walk.jpg 1200w\" sizes=\"auto, (max-width: 768px) 100vw, 768px\" \/><\/figure>\r\n<div class=\"wp-block-media-text__content\">\r\n<p class=\"has-large-font-size\">Was ist Aktives Training? <br \/>Das Aktiv-Training kombiniert Sprachlernen mit Aktivit\u00e4ten, wie z.B. Sprachreisen, Sprachwanderungen, St\u00e4dtetrips oder Kulturevents.<\/p>\r\n<\/div>\r\n<\/div>\r\n\r\n\r\n\r\n<p>Sprachenlernen in Kombination mit Erlebtem und neu Entdecktem ist eine sehr effektive Methode, die\u00a0Spa\u00df\u00a0macht. Weg vom Lehrbuch, hin zu Aktivit\u00e4t an der frischen Luft &#8211; geistige Bewegung kombiniert mit k\u00f6rperlicher Bewegung. Somit werden\u00a0verschiedene Hirnregionen aktiviert, die eine bessere Merkf\u00e4higkeit garantieren. Sie assoziieren das Gelernte mit verschiedenen Eindr\u00fccken und Erlebnissen, Sie speichern zusammen mit den Sprachkenntnissen auch\u00a0Bilder, Ger\u00fcche und besondere Momente. Sprachenlernen wird so zu etwas ganz\u00a0Besonderem und das Lernen f\u00e4llt Ihnen viel leichter als nur mit einem Buch.<\/p>\r\n\r\n\r\n\r\n<p>&#8211; Die Programmgestaltung erfolgt\u00a0ma\u00dfgeschneidert\u00a0nach\u00a0Ihren individuellen Interessen und Vorlieben!<\/p>\r\n\r\n\r\n\r\n<p><strong>Beispiele f\u00fcr aktives Training:<\/strong><br \/>&#8211; Team-Building Aktivit\u00e4ten Ihrer Wahl<\/p>\r\n\r\n\r\n\r\n<p>3-5 Tage Englisch in London oder Dublin (Museen, Monumente usw)<br \/>Wir begleiten Sie auf Reisen oder organisieren f\u00fcr Sie einen Kurs im Ausland bei einer Sprachschule oder bei einem\/r Sprachlehrer\/in.<\/p>\r\n\r\n\r\n\r\n<p>Sprachlernen in der Natur. Hier kann man zwei Fliegen mit einer Klappe schlagen. W\u00e4hrend Sie die Natur genie\u00dfen, tun Sie etwas Gutes f\u00fcr Ihre Gesundheit und Ihre Seele und nebenbei lernen Sie die Sprache. Sprachwanderungen im Schwarzwald, Spessart, Taunus &amp; Odenwald: entweder Fahrradtouren oder Wanderungen.<\/p>\r\n\r\n\r\n\r\n<figure class=\"wp-block-image is-resized\"><img loading=\"lazy\" decoding=\"async\" class=\"wp-image-130\" src=\"https:\/\/www.hosting124082.a2fd9.netcup.net\/multigatest\/wp-content\/uploads\/2019\/11\/imAtlantik-1024x683.jpg\" alt=\"\" width=\"357\" height=\"238\" srcset=\"https:\/\/www.multiga.de\/wp-content\/uploads\/2019\/11\/imAtlantik-1024x683.jpg 1024w, https:\/\/www.multiga.de\/wp-content\/uploads\/2019\/11\/imAtlantik-300x200.jpg 300w, https:\/\/www.multiga.de\/wp-content\/uploads\/2019\/11\/imAtlantik-768x512.jpg 768w, https:\/\/www.multiga.de\/wp-content\/uploads\/2019\/11\/imAtlantik-1568x1045.jpg 1568w\" sizes=\"auto, (max-width: 357px) 100vw, 357px\" \/><\/figure>\r\n\r\n\r\n\r\n<p>Sprachlernen mit Sportaktivit\u00e4ten wie Stand-Up Paddling, Tauchen, Canyoning kombinieren.<\/p>\r\n\r\n\r\n\r\n<p>Andere St\u00e4dtetrips, Intensivtraining oder Sportaktivit\u00e4ten am Ort Ihrer Wahl!<\/p>\r\n\r\n\r\n\r\n<p>Je mehr wir \u00fcber Ihre konkreten Ziele und Anforderungen wissen, desto besser k\u00f6nnen wir Ihnen das richtige Programm empfehlen.<\/p>\r\n\r\n\r\n\r\n<div class=\"wp-block-media-text alignfull\" style=\"grid-template-columns: 15% auto;\">\r\n<figure class=\"wp-block-media-text__media\"><img loading=\"lazy\" decoding=\"async\" width=\"768\" height=\"1024\" class=\"wp-image-152\" src=\"https:\/\/www.hosting124082.a2fd9.netcup.net\/multigatest\/wp-content\/uploads\/2019\/11\/alley-768x1024.jpg\" alt=\"\" srcset=\"https:\/\/www.multiga.de\/wp-content\/uploads\/2019\/11\/alley.jpg 768w, https:\/\/www.multiga.de\/wp-content\/uploads\/2019\/11\/alley-225x300.jpg 225w\" sizes=\"auto, (max-width: 768px) 100vw, 768px\" \/><\/figure>\r\n<div class=\"wp-block-media-text__content\">\r\n<p class=\"has-background has-large-font-size has-secondary-background-color\">Lerne deine Lieblingssprache in einer Umgebung, die dir gef\u00e4llt.<\/p>\r\n<\/div>\r\n<\/div>\r\n","protected":false},"excerpt":{"rendered":"<p>Was ist Aktives Training? Das Aktiv-Training kombiniert Sprachlernen mit Aktivit\u00e4ten, wie z.B. Sprachreisen, Sprachwanderungen, St\u00e4dtetrips oder Kulturevents. Sprachenlernen in Kombination mit Erlebtem und neu Entdecktem ist eine sehr effektive Methode, die\u00a0Spa\u00df\u00a0macht. Weg vom Lehrbuch, hin zu Aktivit\u00e4t an der frischen Luft &#8211; geistige Bewegung kombiniert mit k\u00f6rperlicher Bewegung. Somit werden\u00a0verschiedene Hirnregionen aktiviert, die eine bessere &hellip; <\/p>\n<p class=\"link-more\"><a href=\"https:\/\/www.multiga.de\/index.php\/aktiv-lernen\/\" class=\"more-link\"><span class=\"screen-reader-text\">\u201eAktiv Lernen\u201c <\/span>weiterlesen<\/a><\/p>\n","protected":false},"author":3,"featured_media":0,"parent":0,"menu_order":0,"comment_status":"closed","ping_status":"closed","template":"","meta":{"footnotes":""},"class_list":["post-125","page","type-page","status-publish","hentry","entry"],"_links":{"self":[{"href":"https:\/\/www.multiga.de\/index.php\/wp-json\/wp\/v2\/pages\/125","targetHints":{"allow":["GET"]}}],"collection":[{"href":"https:\/\/www.multiga.de\/index.php\/wp-json\/wp\/v2\/pages"}],"about":[{"href":"https:\/\/www.multiga.de\/index.php\/wp-json\/wp\/v2\/types\/page"}],"author":[{"embeddable":true,"href":"https:\/\/www.multiga.de\/index.php\/wp-json\/wp\/v2\/users\/3"}],"replies":[{"embeddable":true,"href":"https:\/\/www.multiga.de\/index.php\/wp-json\/wp\/v2\/comments?post=125"}],"version-history":[{"count":18,"href":"https:\/\/www.multiga.de\/index.php\/wp-json\/wp\/v2\/pages\/125\/revisions"}],"predecessor-version":[{"id":572,"href":"https:\/\/www.multiga.de\/index.php\/wp-json\/wp\/v2\/pages\/125\/revisions\/572"}],"wp:attachment":[{"href":"https:\/\/www.multiga.de\/index.php\/wp-json\/wp\/v2\/media?parent=125"}],"curies":[{"name":"wp","href":"https:\/\/api.w.org\/{rel}","templated":true}]}}