{"id":13,"date":"2019-06-18T09:24:33","date_gmt":"2019-06-18T09:24:33","guid":{"rendered":"https:\/\/www.hosting124082.a2fd9.netcup.net\/multigatest\/?page_id=13"},"modified":"2023-02-28T19:23:30","modified_gmt":"2023-02-28T19:23:30","slug":"ueber-uns","status":"publish","type":"page","link":"https:\/\/www.multiga.de\/index.php\/ueber-uns\/","title":{"rendered":"\u00dcber uns"},"content":{"rendered":"\n<p><p style=\"text-align: justify;\"><strong><span style=\"color: #ff0000;\">multiga<\/span> Sprachenservice, Bildungsunternehmen mit hohem sprachlichen und internationalem Anspruch.<\/strong> <a href=\"https:\/\/www.multiga.de\/index.php\/referenzen\/\"><strong>Testimonials &amp; Referenzen<\/strong><\/a><\/p><\/p>\n\n\n\n<p><p style=\"text-align: justify;\">In einer Zeit, in der immer mehr erfolgsorientierte Unternehmen die voranschreitende Globalisierung nutzen, um damit neue internationale Wirtschaftsplattformen zu erschlie\u00dfen, ist das korrekte Erlernen einer Fremdsprache von essenzieller Bedeutung.<\/p><\/p>\n\n\n\n<p><p style=\"text-align: justify;\">Falls auch Sie und Ihre Mitarbeiter sich \u201efit\u201c f\u00fcr die steigenden Anforderungen der neuen M\u00e4rkte halten wollen, sollten Sie sich hierf\u00fcr einen erfahrenen Partner suchen.<\/p><\/p>\n\n\n\n<p><p style=\"text-align: justify;\">Selbstverst\u00e4ndlich sind unsere Lehrer entweder Muttersprachler oder k\u00f6nnen ihre Sprachkenntnisse als perfekt bezeichnen. Unsere Dozenten verf\u00fcgen au\u00dferdem oft auch \u00fcber ein abgeschlossenes Wirtschaftsstudium oder mehrj\u00e4hrige Berufserfahrung.<\/p><\/p>\n\n\n\n<p><p style=\"text-align: justify;\">Gleichzeitig legen wir in unserem Hause auch in eigener Sache gro\u00dfen Wert auf Weiterbildung und Training, um unseren Kunden stets eine Verbesserung und Weiterentwicklung Ihrer Sprachkenntnisse auf h\u00f6chstem Niveau zu garantieren.&nbsp;&nbsp;<\/p><\/p>\n\n\n\n<p><p style=\"text-align: justify;\">Kleine homogene Kursgruppen sind der Schl\u00fcssel zu effizientem und intensivem Lernen. Aus diesem Grund legen wir gerade auf diese Klassenform besonderen Wert. Maximieren Sie Ihren Lernerfolg durch intensives Erleben in der Gruppe oder Einzelunterricht, in dem Sie Ihr eigenes Tempo w\u00e4hlen. Zum Ende eines Kurses k\u00f6nnen Sie selbst entscheiden, ob Sie \u00fcber ein Pr\u00fcfungsverfahren ein anerkanntes Zeugnis erwerben m\u00f6chten oder nicht.<\/p><\/p>\n\n\n\n<p><p style=\"text-align: justify;\">Beim ersten pers\u00f6nlichen Kennenlernen f\u00fchren wir kostenlos und unverbindlich einen ausf\u00fchrlichen Einstufungstest mit Ihnen durch. Dadurch werden die Lerninhalte optimal an Ihre Kenntnisse und Bed\u00fcrfnisse angepasst.<\/p><\/p>\n\n\n\n<p>Warum sind wir anders&#8230;<\/p>\n\n\n\n<ul class=\"wp-block-list\">\n<li>Ma\u00dfgeschneiderte Kurse<\/li>\n\n\n\n<li>Muttersprachlich qualifizierte Lehrer<\/li>\n\n\n\n<li>Kostenlose Einstufung<\/li>\n\n\n\n<li>Kleine Gruppen<\/li>\n\n\n\n<li>Anerkannte Abschl\u00fcsse<\/li>\n\n\n\n<li>Hochwertige Lehrmethoden<\/li>\n\n\n\n<li>Online Unterstutzung<\/li>\n\n\n\n<li>Flexible Zeiten<\/li>\n\n\n\n<li>Sicherer Erfolg<\/li>\n\n\n\n<li>Branchenorientiert<\/li>\n<\/ul>\n\n\n\n<p><span style=\"color: #000080;\"><em>Entscheiden Sie sich HEUTE f\u00fcr den Erfolg von MORGEN!<\/em><\/span><\/p>\n","protected":false},"excerpt":{"rendered":"<p>multiga Sprachenservice, Bildungsunternehmen mit hohem sprachlichen und internationalem Anspruch. Testimonials &amp; Referenzen In einer Zeit, in der immer mehr erfolgsorientierte Unternehmen die voranschreitende Globalisierung nutzen, um damit neue internationale Wirtschaftsplattformen zu erschlie\u00dfen, ist das korrekte Erlernen einer Fremdsprache von essenzieller Bedeutung. Falls auch Sie und Ihre Mitarbeiter sich \u201efit\u201c f\u00fcr die steigenden Anforderungen der neuen &hellip; <\/p>\n<p class=\"link-more\"><a href=\"https:\/\/www.multiga.de\/index.php\/ueber-uns\/\" class=\"more-link\"><span class=\"screen-reader-text\">\u201e\u00dcber uns\u201c <\/span>weiterlesen<\/a><\/p>\n","protected":false},"author":1,"featured_media":0,"parent":0,"menu_order":0,"comment_status":"closed","ping_status":"closed","template":"","meta":{"footnotes":""},"class_list":["post-13","page","type-page","status-publish","hentry","entry"],"_links":{"self":[{"href":"https:\/\/www.multiga.de\/index.php\/wp-json\/wp\/v2\/pages\/13","targetHints":{"allow":["GET"]}}],"collection":[{"href":"https:\/\/www.multiga.de\/index.php\/wp-json\/wp\/v2\/pages"}],"about":[{"href":"https:\/\/www.multiga.de\/index.php\/wp-json\/wp\/v2\/types\/page"}],"author":[{"embeddable":true,"href":"https:\/\/www.multiga.de\/index.php\/wp-json\/wp\/v2\/users\/1"}],"replies":[{"embeddable":true,"href":"https:\/\/www.multiga.de\/index.php\/wp-json\/wp\/v2\/comments?post=13"}],"version-history":[{"count":11,"href":"https:\/\/www.multiga.de\/index.php\/wp-json\/wp\/v2\/pages\/13\/revisions"}],"predecessor-version":[{"id":570,"href":"https:\/\/www.multiga.de\/index.php\/wp-json\/wp\/v2\/pages\/13\/revisions\/570"}],"wp:attachment":[{"href":"https:\/\/www.multiga.de\/index.php\/wp-json\/wp\/v2\/media?parent=13"}],"curies":[{"name":"wp","href":"https:\/\/api.w.org\/{rel}","templated":true}]}}