{"id":137,"date":"2019-11-02T07:23:20","date_gmt":"2019-11-02T07:23:20","guid":{"rendered":"https:\/\/www.hosting124082.a2fd9.netcup.net\/multigatest\/?page_id=137"},"modified":"2023-03-05T10:39:19","modified_gmt":"2023-03-05T10:39:19","slug":"business-english","status":"publish","type":"page","link":"https:\/\/www.multiga.de\/index.php\/business-english\/","title":{"rendered":"Business English"},"content":{"rendered":"\r\n<pre style=\"font-size: 14px;\">English for Specific Purposes(ESP)-Language for Specific Purposes (LSP)<\/pre>\r\n\r\n\r\n\r\n<div class=\"wp-block-media-text alignwide has-background has-secondary-background-color\" style=\"grid-template-columns: 15% auto;\">\r\n<figure class=\"wp-block-media-text__media\"><img loading=\"lazy\" decoding=\"async\" class=\"wp-image-173\" src=\"https:\/\/www.multiga.de\/wp-content\/uploads\/2019\/11\/HR.jpg\" alt=\"\" width=\"437\" height=\"328\" srcset=\"https:\/\/www.multiga.de\/wp-content\/uploads\/2019\/11\/HR.jpg 600w, https:\/\/www.multiga.de\/wp-content\/uploads\/2019\/11\/HR-300x225.jpg 300w\" sizes=\"auto, (max-width: 437px) 100vw, 437px\" \/><\/figure>\r\n<div class=\"wp-block-media-text__content\"><strong><strong> <\/strong><\/strong>\r\n<p class=\"has-large-font-size\">B\u00fcrokommunikation<\/p>\r\n<strong> <\/strong><\/div>\r\n<\/div>\r\n\r\n\r\n\r\n<p style=\"text-align: justify;\">Wesentlicher Aspekt bei der Sprachvermittlung ist das Kommunikationstraining. \u00dcbungen zum Abbau von Sprachhemmungen und vor allen Dingen die Vermittlung von Mentalit\u00e4tsunterschieden. Begr\u00fc\u00dfungen, Small-Talk, Mitarbeiter Kommunikation, Fit am Telefon\/Teleconferencing, Brainstorming, Verhandlungen und Gespr\u00e4chf\u00fchrung in Meetings.<\/p>\r\n<p>\r\n\r\n<\/p>\r\n<div class=\"wp-block-media-text alignwide has-background has-secondary-background-color\" style=\"grid-template-columns: 15% auto;\">\r\n<figure class=\"wp-block-media-text__media\"><img loading=\"lazy\" decoding=\"async\" width=\"1024\" height=\"683\" class=\"wp-image-179\" src=\"https:\/\/www.multiga.de\/wp-content\/uploads\/2019\/11\/presentation-1024x683.jpg\" alt=\"\" srcset=\"https:\/\/www.multiga.de\/wp-content\/uploads\/2019\/11\/presentation-1024x683.jpg 1024w, https:\/\/www.multiga.de\/wp-content\/uploads\/2019\/11\/presentation-300x200.jpg 300w, https:\/\/www.multiga.de\/wp-content\/uploads\/2019\/11\/presentation-768x512.jpg 768w, https:\/\/www.multiga.de\/wp-content\/uploads\/2019\/11\/presentation-1568x1045.jpg 1568w\" sizes=\"auto, (max-width: 1024px) 100vw, 1024px\" \/><\/figure>\r\n<div class=\"wp-block-media-text__content\">\r\n<p class=\"has-large-font-size\">Pr\u00e4sentation<\/p>\r\n<\/div>\r\n<\/div>\r\n<p>\r\n\r\n<\/p>\r\n<ul>\r\n<li style=\"text-align: justify;\"><strong><strong>Die Firma: <\/strong><\/strong>Wie stelle ich meine Firma vor? Zahlen und Fakten pr\u00e4sentieren &#8211; Diagramme und Tabellen beschreiben &#8211; Sprachebenen und H\u00f6flichkeitsformen beachten &#8211; laufende Projekte beschreiben &#8211; Einbeziehung der Firmengeschichte und Erfolge &#8211; Neue Trends und Entwicklungen vertraulich pr\u00e4sentieren.<\/li>\r\n<\/ul>\r\n<p>\r\n\r\n<\/p>\r\n<div class=\"wp-block-media-text alignwide is-stacked-on-mobile has-secondary-background-color has-background\" style=\"grid-template-columns: 15% auto;\">\r\n<figure class=\"wp-block-media-text__media\"><img loading=\"lazy\" decoding=\"async\" width=\"1024\" height=\"768\" class=\"wp-image-170 size-full\" src=\"https:\/\/www.multiga.de\/wp-content\/uploads\/2019\/11\/communication-1024x768.jpg\" alt=\"\" srcset=\"https:\/\/www.multiga.de\/wp-content\/uploads\/2019\/11\/communication-1024x768.jpg 1024w, https:\/\/www.multiga.de\/wp-content\/uploads\/2019\/11\/communication-300x225.jpg 300w, https:\/\/www.multiga.de\/wp-content\/uploads\/2019\/11\/communication-768x576.jpg 768w, https:\/\/www.multiga.de\/wp-content\/uploads\/2019\/11\/communication-1568x1176.jpg 1568w\" sizes=\"auto, (max-width: 1024px) 100vw, 1024px\" \/><\/figure>\r\n<div class=\"wp-block-media-text__content\">\r\n<p class=\"has-large-font-size\">Verhandlungen<\/p>\r\n<\/div>\r\n<\/div>\r\n<p>\r\n\r\n<\/p>\r\n<p>&nbsp;<\/p>\r\n<p>\r\n\r\n<\/p>\r\n<p style=\"text-align: left;\"><strong>Technik, Ingenieurwesen\u00a0<\/strong> <img loading=\"lazy\" decoding=\"async\" width=\"250\" height=\"104\" class=\"wp-image-199\" style=\"width: 250px;\" src=\"https:\/\/www.hosting124082.a2fd9.netcup.net\/multigatest\/wp-content\/uploads\/2019\/11\/industries-1.jpg\" alt=\"\" srcset=\"https:\/\/www.multiga.de\/wp-content\/uploads\/2019\/11\/industries-1.jpg 1150w, https:\/\/www.multiga.de\/wp-content\/uploads\/2019\/11\/industries-1-300x125.jpg 300w, https:\/\/www.multiga.de\/wp-content\/uploads\/2019\/11\/industries-1-768x321.jpg 768w, https:\/\/www.multiga.de\/wp-content\/uploads\/2019\/11\/industries-1-1024x427.jpg 1024w\" sizes=\"auto, (max-width: 250px) 100vw, 250px\" \/><br \/>Technik, Ingenieurwesen, Bauwesen, Solarindustrie und Produktion<em><strong><br \/><\/strong><\/em><\/p>\r\n<p>\r\n\r\n<\/p>\r\n<p style=\"text-align: justify;\"><strong>Versicherung, Banken und Finanz<\/strong> <img loading=\"lazy\" decoding=\"async\" width=\"150\" height=\"100\" class=\"wp-image-230\" style=\"width: 150px;\" src=\"https:\/\/www.hosting124082.a2fd9.netcup.net\/multigatest\/wp-content\/uploads\/2019\/11\/3669489.jpg\" alt=\"\" srcset=\"https:\/\/www.multiga.de\/wp-content\/uploads\/2019\/11\/3669489.jpg 735w, https:\/\/www.multiga.de\/wp-content\/uploads\/2019\/11\/3669489-300x200.jpg 300w\" sizes=\"auto, (max-width: 150px) 100vw, 150px\" \/><br \/>Wir verf\u00fcgen \u00fcber jahrzehntelange Lehrerfahrung in der Zentralbank, bei f\u00fchrenden internationalen Banken und bei Investmentbanken in Europa und international. Dieser Kurs umfasst Themen wie\u00a0 pers\u00f6nliche Finanzen, Kapital, Ertr\u00e4ge, Jahresabschl\u00fcsse, Rechnungswesen und Buchhaltung, Bilanz, Gesellschaftsrecht, Rechnungslegungsgrunds\u00e4tze und Vorgaben, Abschreibungen, Wirtschaftspr\u00fcfung und nat\u00fcrlich Themen, die von unseren Kunden gew\u00fcnscht werden.<\/p>\r\n<p>\r\n\r\n<\/p>\r\n<p style=\"text-align: justify;\"><strong>Personalressourcen<\/strong> <img loading=\"lazy\" decoding=\"async\" width=\"150\" height=\"100\" class=\"wp-image-229\" style=\"width: 150px;\" src=\"https:\/\/www.hosting124082.a2fd9.netcup.net\/multigatest\/wp-content\/uploads\/2019\/11\/meeting-presentation-1.jpg\" alt=\"\" srcset=\"https:\/\/www.multiga.de\/wp-content\/uploads\/2019\/11\/meeting-presentation-1.jpg 600w, https:\/\/www.multiga.de\/wp-content\/uploads\/2019\/11\/meeting-presentation-1-300x200.jpg 300w\" sizes=\"auto, (max-width: 150px) 100vw, 150px\" \/><br \/>Heutzutage werden die Mitarbeiter eines Unternehmens aus der ganzen Welt angeworben.\u00a0\u00a0 Hier lernen Sie, Bewerbungsgespr\u00e4che zu f\u00fchren und Arbeitsvertr\u00e4ge auf Englisch zu schreiben.<\/p>\r\n<p>\r\n\r\n<\/p>\r\n<p style=\"text-align: justify;\"><strong>Vertrieb und Verkauf\u00a0<\/strong> <img loading=\"lazy\" decoding=\"async\" width=\"150\" height=\"100\" class=\"wp-image-231\" style=\"width: 150px;\" src=\"https:\/\/www.hosting124082.a2fd9.netcup.net\/multigatest\/wp-content\/uploads\/2019\/11\/3168678.jpg\" alt=\"\" srcset=\"https:\/\/www.multiga.de\/wp-content\/uploads\/2019\/11\/3168678.jpg 735w, https:\/\/www.multiga.de\/wp-content\/uploads\/2019\/11\/3168678-300x200.jpg 300w\" sizes=\"auto, (max-width: 150px) 100vw, 150px\" \/><br \/>Bereiten Sie sich auf das beste Verkaufsgespr\u00e4ch vor. Verbessern Sie Ihre Aussprache und halten Sie Pr\u00e4sentationen sicherer. Verbessern Sie Ihre Sprechfertigkeit, um Missverst\u00e4ndnisse zu vermeiden. Bringen Sie Ihre Ideen klar und selbstbewusst r\u00fcber und \u00fcberzeugen Sie Ihre Gesch\u00e4ftspartner.<\/p>\r\n<p>\r\n\r\n<\/p>\r\n<p style=\"text-align: justify;\"><strong>Logistik<\/strong> <img loading=\"lazy\" decoding=\"async\" width=\"150\" height=\"98\" class=\"wp-image-227\" style=\"width: 150px;\" src=\"https:\/\/www.hosting124082.a2fd9.netcup.net\/multigatest\/wp-content\/uploads\/2019\/11\/logistics-1.jpg\" alt=\"\" srcset=\"https:\/\/www.multiga.de\/wp-content\/uploads\/2019\/11\/logistics-1.jpg 3981w, https:\/\/www.multiga.de\/wp-content\/uploads\/2019\/11\/logistics-1-300x196.jpg 300w, https:\/\/www.multiga.de\/wp-content\/uploads\/2019\/11\/logistics-1-768x501.jpg 768w, https:\/\/www.multiga.de\/wp-content\/uploads\/2019\/11\/logistics-1-1024x667.jpg 1024w, https:\/\/www.multiga.de\/wp-content\/uploads\/2019\/11\/logistics-1-1568x1022.jpg 1568w\" sizes=\"auto, (max-width: 150px) 100vw, 150px\" \/><br \/>Wortschatz f\u00fcr Import-Export, Frachten, Kommunikation mit Spediteuren, Warenbestellung, Reklamationen und M\u00e4ngelberichte. Einige Themen: Einf\u00fchrung in die Logistik, Logistikdienstleistungen, Bestandsmanagement und Beschaffung, Verkehrstr\u00e4ger, Planung und Organisation von Transporten, Warenversand, Lagerhaltung und Lagerung, Dokumentation und Finanzierung.<\/p>\r\n<p>\r\n\r\n<\/p>\r\n<p style=\"text-align: justify;\"><strong>Schreibkompetenz <\/strong><img loading=\"lazy\" decoding=\"async\" width=\"150\" height=\"100\" class=\"wp-image-161\" style=\"width: 150px;\" src=\"https:\/\/www.hosting124082.a2fd9.netcup.net\/multigatest\/wp-content\/uploads\/2019\/11\/writing.jpg\" alt=\"\" srcset=\"https:\/\/www.multiga.de\/wp-content\/uploads\/2019\/11\/writing.jpg 7360w, https:\/\/www.multiga.de\/wp-content\/uploads\/2019\/11\/writing-300x200.jpg 300w, https:\/\/www.multiga.de\/wp-content\/uploads\/2019\/11\/writing-768x513.jpg 768w, https:\/\/www.multiga.de\/wp-content\/uploads\/2019\/11\/writing-1024x683.jpg 1024w, https:\/\/www.multiga.de\/wp-content\/uploads\/2019\/11\/writing-1568x1046.jpg 1568w\" sizes=\"auto, (max-width: 150px) 100vw, 150px\" \/><br \/>Basis- und Fortgeschrittenen-Schreibf\u00e4higkeiten, bzw. Email &amp; Briefe, Protokollf\u00fchrung, Allgemeine Berichte, Jahresberichte, Beschreibung einer Firmenstruktur. Separates Training f\u00fcr Sekret\u00e4rinnen, F\u00fchrungskr\u00e4fte.<\/p>\r\n<p>\r\n\r\n<\/p>\r\n<p style=\"text-align: justify;\"><strong>Rechtssprache Englisch<\/strong> <img loading=\"lazy\" decoding=\"async\" width=\"200\" height=\"110\" class=\"wp-image-236\" style=\"width: 200px;\" src=\"https:\/\/www.hosting124082.a2fd9.netcup.net\/multigatest\/wp-content\/uploads\/2019\/11\/gavel-3577254_1280.jpg\" alt=\"\" srcset=\"https:\/\/www.multiga.de\/wp-content\/uploads\/2019\/11\/gavel-3577254_1280.jpg 1280w, https:\/\/www.multiga.de\/wp-content\/uploads\/2019\/11\/gavel-3577254_1280-300x165.jpg 300w, https:\/\/www.multiga.de\/wp-content\/uploads\/2019\/11\/gavel-3577254_1280-768x422.jpg 768w, https:\/\/www.multiga.de\/wp-content\/uploads\/2019\/11\/gavel-3577254_1280-1024x563.jpg 1024w\" sizes=\"auto, (max-width: 200px) 100vw, 200px\" \/><em><br \/><\/em>Wir sind kompetente Partner zahlreicher f\u00fchrender Anwaltskanzleien bei der Vorbereitung von Anw\u00e4lten auf Examen und internationalen F\u00e4llen.<\/p>\r\n<p>\r\n\r\n<\/p>\r\n<p style=\"text-align: justify;\"><strong>Englisch f\u00fcr die Immobilienwirtschaft<\/strong> :<\/p>\r\n<p style=\"text-align: justify;\">Themen: Standort, Stadtplanung, Investitionsprofile, Marktberichte, Bewertungsmethoden, Kreditvergabe und -aufnahme, Green Finance, Letter of Intent (LOI), Mietvertrag, Property and Asset Management, Nebenkostenabrechnungen sowie Reparatur und Wartung<\/p>\r\n<p>\r\n\r\n<\/p>\r\n<p style=\"font-size: 29.5px;\"><strong>Warum ist Sprachtraining f\u00fcr Ihr Unternehmen wichtig<\/strong>?<\/p>\r\n<p>\r\n\r\n<\/p>\r\n<p style=\"text-align: justify;\">Erschlie\u00dfen Sie das Potenzial Ihrer Mitarbeiter. Dieses Training steigert das Selbstvertrauen Ihrer Mitarbeiter durch Fortbildung und erm\u00f6glicht es ihnen, Loyalit\u00e4t und Mehrwert f\u00fcr das Unternehmen zu schaffen.<\/p>\r\n<p>\r\n\r\n<\/p>\r\n<p style=\"text-align: justify;\"><strong>Pers\u00f6nliche und berufliche Entwicklung <\/strong><br \/>Weiterbildungsm\u00f6glichkeiten am Arbeitsplatz zeigen nicht nur die Wertsch\u00e4tzung f\u00fcr Ihre Mitarbeiter, sondern sind zugleich ein begehrter Arbeitgeberzuschuss. Halten Sie Ihre Mitarbeiter motiviert und gewinnen Sie die besten Talente in Ihrem Bereich.<\/p>\r\n<p>\r\n\r\n<\/p>\r\n<p style=\"text-align: justify;\"><strong>Produktivit\u00e4t durch Teambuilding<\/strong><br \/>Neben der Vermittlung wertvoller betriebswirtschaftlicher F\u00e4higkeiten wie Pr\u00e4sentieren, Verhandeln und interkultureller Kompetenz bieten unsere Kurse hervorragende M\u00f6glichkeiten f\u00fcr Teambuilding-Aktivit\u00e4ten.<\/p>\r\n<p>\r\n\r\n<\/p>\r\n<p style=\"text-align: justify;\"><strong>Global konkurrieren <\/strong><br \/>Mehrsprachige Mitarbeiter k\u00f6nnen helfen, das Unternehmen in neuen M\u00e4rkten zu expandieren und zu wachsen lassen. Machen Sie die Vielfalt Ihres Unternehmens zu einem Gewinn.<\/p>\r\n<p><\/p>","protected":false},"excerpt":{"rendered":"<p>English for Specific Purposes(ESP)-Language for Specific Purposes (LSP) B\u00fcrokommunikation Wesentlicher Aspekt bei der Sprachvermittlung ist das Kommunikationstraining. \u00dcbungen zum Abbau von Sprachhemmungen und vor allen Dingen die Vermittlung von Mentalit\u00e4tsunterschieden. Begr\u00fc\u00dfungen, Small-Talk, Mitarbeiter Kommunikation, Fit am Telefon\/Teleconferencing, Brainstorming, Verhandlungen und Gespr\u00e4chf\u00fchrung in Meetings. Pr\u00e4sentation Die Firma: Wie stelle ich meine Firma vor? Zahlen und Fakten &hellip; <\/p>\n<p class=\"link-more\"><a href=\"https:\/\/www.multiga.de\/index.php\/business-english\/\" class=\"more-link\"><span class=\"screen-reader-text\">\u201eBusiness English\u201c <\/span>weiterlesen<\/a><\/p>\n","protected":false},"author":3,"featured_media":0,"parent":0,"menu_order":0,"comment_status":"closed","ping_status":"closed","template":"","meta":{"footnotes":""},"class_list":["post-137","page","type-page","status-publish","hentry","entry"],"_links":{"self":[{"href":"https:\/\/www.multiga.de\/index.php\/wp-json\/wp\/v2\/pages\/137","targetHints":{"allow":["GET"]}}],"collection":[{"href":"https:\/\/www.multiga.de\/index.php\/wp-json\/wp\/v2\/pages"}],"about":[{"href":"https:\/\/www.multiga.de\/index.php\/wp-json\/wp\/v2\/types\/page"}],"author":[{"embeddable":true,"href":"https:\/\/www.multiga.de\/index.php\/wp-json\/wp\/v2\/users\/3"}],"replies":[{"embeddable":true,"href":"https:\/\/www.multiga.de\/index.php\/wp-json\/wp\/v2\/comments?post=137"}],"version-history":[{"count":46,"href":"https:\/\/www.multiga.de\/index.php\/wp-json\/wp\/v2\/pages\/137\/revisions"}],"predecessor-version":[{"id":641,"href":"https:\/\/www.multiga.de\/index.php\/wp-json\/wp\/v2\/pages\/137\/revisions\/641"}],"wp:attachment":[{"href":"https:\/\/www.multiga.de\/index.php\/wp-json\/wp\/v2\/media?parent=137"}],"curies":[{"name":"wp","href":"https:\/\/api.w.org\/{rel}","templated":true}]}}