{"id":2,"date":"2019-06-18T09:11:44","date_gmt":"2019-06-18T09:11:44","guid":{"rendered":"https:\/\/www.hosting124082.a2fd9.netcup.net\/multigatest\/?page_id=2"},"modified":"2023-03-04T07:41:07","modified_gmt":"2023-03-04T07:41:07","slug":"sample-page","status":"publish","type":"page","link":"https:\/\/www.multiga.de\/","title":{"rendered":""},"content":{"rendered":"<p>&nbsp;<\/p>\r\n\r\n<div class=\"wp-block-media-text alignfull\" style=\"grid-template-columns: 15% auto;\">\r\n<figure class=\"wp-block-media-text__media\"><img loading=\"lazy\" decoding=\"async\" class=\"alignnone size-medium wp-image-618\" src=\"https:\/\/www.multiga.de\/wp-content\/uploads\/2023\/03\/logo-300x175.png\" alt=\"\" width=\"300\" height=\"175\" \/><\/figure>\r\n<div class=\"wp-block-media-text__content\">\r\n<p class=\"has-background has-normal-font-size has-secondary-background-color\">Ma\u00dfgeschneidertes Lehrmaterial &#8211; Muttersprachler &#8211; qualifizierte Lehrer &#8211; kostenlose Einstufung &#8211; kleine Gruppen &#8211; flexible Zeiten &#8211; anerkannte Abschl\u00fcsse &#8211; sicherer Erfolg &#8211; hochwertige Lehrmethoden &#8211; Unterst\u00fctzung au\u00dferhalb des Unterrichts &#8211; branchenorientiert<\/p>\r\n<\/div>\r\n<\/div>\r\n\r\n\r\n\r\n<p style=\"text-align: justify;\"><strong><span style=\"color: #ff0040;\"> multiga<\/span><\/strong> ist Ihr Partner mit <strong>Qualit\u00e4t<\/strong> und <strong>Fachkompetenz<\/strong> f\u00fcr das <strong>erfolgreiche<\/strong> <strong>Sprachenlernen<\/strong>. Seit 2002 ist unsere langj\u00e4hrige Erfahrung Garant f\u00fcr den Erfolg unserer zahlreichen Kursteilnehmer. Lernen Sie die Sprache in Ihrem Tempo, ganz nach Ihren Bed\u00fcrfnissen und von wo auch immer Sie wollen.<\/p>\r\n<p>\r\n\r\n<\/p>\r\n<p style=\"text-align: justify;\">Unsere Dozenten sind nicht nur Muttersprachler, leidenschaftliche Sprachlehrer, sondern verf\u00fcgen auch \u00fcber mehrj\u00e4hrige Berufserfahrung von deutschen Beh\u00f6rden, kleinen, mittelst\u00e4ndischen bis zu Gro\u00dfunternehmen sowie bei Privatkunden.<\/p>\r\n<p>\r\n\r\n<\/p>\r\n<p style=\"text-align: justify;\"><strong><span style=\"color: #0b2161;\"> Profitieren Sie von unserer Kompetenz, Erfahrung, Leidenschaft und unserem Engagement von Anfang an und seien Sie bereit f\u00fcr die Zukunft.<\/span><\/strong><\/p>\r\n<p>\r\n\r\n<\/p>\r\n<p style=\"text-align: justify;\">Wir ermitteln Ihre bereits vorhandenen Kenntnisse durch einen kostenlosen Einstufungstest. Dadurch baut Ihr pers\u00f6nlicher Sprachkurs auf Ihren ganz eigenen Kenntnissen auf. Unsere Kurse orientieren sich an dem Gemeinsamen Europ\u00e4ischen Referenzrahmen (GER).<\/p>\r\n<p>\r\n\r\n<\/p>\r\n<p style=\"text-align: justify;\">Fremdsprachen m\u00fcssen keinem fremd bleiben. Eine neue Sprache wird entweder aus Notwendigkeit gelernt oder aus Interesse. Bei uns werden Sie das Lernen lieben lernen.<\/p>\r\n<p>\r\n\r\n<\/p>\r\n<p style=\"text-align: justify;\">Die optimale Unterrichtsmethode, Trainerausbildungen und neueste Lernmaterialien garantieren Ihnen einen effizienten Lernerfolg. Wir sorgen daf\u00fcr, dass die Sprachbarriere Schritt f\u00fcr Schritt eine ferne Erinnerung an alte Zeiten wird.<\/p>\r\n<p>\r\n\r\n<\/p>\r\n<p><em><strong><span style=\"color: #0b2161;\">Entscheiden Sie sich HEUTE f\u00fcr den Erfolg von MORGEN! <\/span><\/strong><\/em><\/p>\r\n<p><\/p>","protected":false},"excerpt":{"rendered":"<p>&nbsp; Ma\u00dfgeschneidertes Lehrmaterial &#8211; Muttersprachler &#8211; qualifizierte Lehrer &#8211; kostenlose Einstufung &#8211; kleine Gruppen &#8211; flexible Zeiten &#8211; anerkannte Abschl\u00fcsse &#8211; sicherer Erfolg &#8211; hochwertige Lehrmethoden &#8211; Unterst\u00fctzung au\u00dferhalb des Unterrichts &#8211; branchenorientiert multiga ist Ihr Partner mit Qualit\u00e4t und Fachkompetenz f\u00fcr das erfolgreiche Sprachenlernen. Seit 2002 ist unsere langj\u00e4hrige Erfahrung Garant f\u00fcr den Erfolg &hellip; <\/p>\n<p class=\"link-more\"><a href=\"https:\/\/www.multiga.de\/\" class=\"more-link\"><span class=\"screen-reader-text\">\u201e\u201c <\/span>weiterlesen<\/a><\/p>\n","protected":false},"author":1,"featured_media":0,"parent":0,"menu_order":0,"comment_status":"closed","ping_status":"closed","template":"","meta":{"footnotes":""},"class_list":["post-2","page","type-page","status-publish","hentry","entry"],"_links":{"self":[{"href":"https:\/\/www.multiga.de\/index.php\/wp-json\/wp\/v2\/pages\/2","targetHints":{"allow":["GET"]}}],"collection":[{"href":"https:\/\/www.multiga.de\/index.php\/wp-json\/wp\/v2\/pages"}],"about":[{"href":"https:\/\/www.multiga.de\/index.php\/wp-json\/wp\/v2\/types\/page"}],"author":[{"embeddable":true,"href":"https:\/\/www.multiga.de\/index.php\/wp-json\/wp\/v2\/users\/1"}],"replies":[{"embeddable":true,"href":"https:\/\/www.multiga.de\/index.php\/wp-json\/wp\/v2\/comments?post=2"}],"version-history":[{"count":60,"href":"https:\/\/www.multiga.de\/index.php\/wp-json\/wp\/v2\/pages\/2\/revisions"}],"predecessor-version":[{"id":709,"href":"https:\/\/www.multiga.de\/index.php\/wp-json\/wp\/v2\/pages\/2\/revisions\/709"}],"wp:attachment":[{"href":"https:\/\/www.multiga.de\/index.php\/wp-json\/wp\/v2\/media?parent=2"}],"curies":[{"name":"wp","href":"https:\/\/api.w.org\/{rel}","templated":true}]}}