{"id":386,"date":"2020-01-16T15:27:40","date_gmt":"2020-01-16T15:27:40","guid":{"rendered":"https:\/\/www.multiga.de\/?page_id=386"},"modified":"2023-03-26T20:23:39","modified_gmt":"2023-03-26T20:23:39","slug":"abitur-vorbereitung","status":"publish","type":"page","link":"https:\/\/www.multiga.de\/index.php\/abitur-vorbereitung\/","title":{"rendered":"Nachhilfe &#038; Abiturvorbereitung"},"content":{"rendered":"\r\n<p>Nachhilfeunterricht ist die Unterst\u00fctzung von Sch\u00fclern beim Lernen au\u00dferhalb der regul\u00e4ren Schule oder Hochschule. <\/p>\r\n<p>Manchmal l\u00e4uft in der Schule nicht alles rund. Genau hier setzt unsere Unterst\u00fctzung an. Wir helfen den Sch\u00fclern, den Unterrichtsstoff zu verstehen und unterst\u00fctzen sie bei der L\u00f6sung ihrer individuellen schulischen Schwierigkeiten.<\/p>\r\n<p>Verbesserungen im Unterricht und gute Noten sind eine gute Motivation f\u00fcr konzentriertes Lernen. Diesen Kreislauf in Gang zu bringen, ist unsere wichtigste Aufgabe.<\/p>\r\n<p>Wir k\u00f6nnen unsere Aufgabe am besten erf\u00fcllen, wenn wir uns auf den Einzelnen konzentrieren k\u00f6nnen. Viele Sch\u00fcler erhalten in der Schule nicht die Aufmerksamkeit und Unterst\u00fctzung, die sie brauchen. Unsere Aufgabe ist es, diese fehlende Aufmerksamkeit den Sch\u00fclern zu geben, damit sie sich individuell entwickeln k\u00f6nnen. Bei uns bekommen sie die Chance, ohne Vorbehalte zu sprechen, Aufgaben zu l\u00f6sen, Fehler zu machen, ohne dass es demotivierende Bewertungen gibt, und gemeinsam schaffen wir es, Schule und Lernen zu etwas Sch\u00f6nem und Positivem zu entwickeln.<\/p>\r\n<p>Der Unterricht kann gelegentlich oder regelm\u00e4\u00dfig im Einzelunterricht oder in kleinen Gruppen stattfinden. Nach etwa 3 Unterrichtsstunden k\u00f6nnen wir den genauen Bedarf Ihres Kindes feststellen. In der Regel hilft eine Unterrichtsstunde pro Woche. Vor wichtigen Klassenarbeiten und Klausuren bieten wir auch die M\u00f6glichkeit einer intensiveren Vorbereitung.\u00a0 <\/p>\r\n<p>Alle unsere Lehrerinnen und Lehrer verf\u00fcgen \u00fcber die entsprechenden fachlichen und didaktischen Qualifikationen und \u00fcber langj\u00e4hrige Erfahrung in der Nachhilfe. Unser Team arbeitet mit viel Leidenschaft, Verst\u00e4ndnis und Engagement und geht auf die unterschiedlichen Lerntempi und -ans\u00e4tze der Sch\u00fcler ein und weckt in ihnen die Freude am Lernen.<\/p>\r\n<p><span style=\"font-family: Verdana; font-size: x-large;\">Schreib dein bestes Abitur im Fach ENGLISCH<\/span><\/p>\r\n\r\n\r\n\r\n<p>Wir bieten <strong>zwei Arten<\/strong> von Kursen f\u00fcr Abitur Vorbereitung an.<br \/>1. Unterricht einmal bzw. zweimal in der Woche<br \/>2. Abitur Intensivkurs<\/p>\r\n\r\n\r\n\r\n<p>Warum sollen Sie den Kurs machen?<\/p>\r\n\r\n\r\n\r\n<ul class=\"wp-block-list\">\r\n<li>Umfangreiche Materialien<\/li>\r\n<li>Erfahrene Lehrer<\/li>\r\n<li>Individuelle Betreuung<\/li>\r\n<li>Ausgezeichnete Vorbereitung<\/li>\r\n<\/ul>\r\n\r\n<p><!--EndFragment--><\/p>\r\n<p><!--StartFragment--><\/p>\r\n<p><!--EndFragment--><\/p>\r\n\r\n<p>Sprechen Sie uns an und lassen Sie uns gemeinsam Ihr Kind fordern und f\u00f6rdern.<\/p>\r\n","protected":false},"excerpt":{"rendered":"<p>Nachhilfeunterricht ist die Unterst\u00fctzung von Sch\u00fclern beim Lernen au\u00dferhalb der regul\u00e4ren Schule oder Hochschule. Manchmal l\u00e4uft in der Schule nicht alles rund. Genau hier setzt unsere Unterst\u00fctzung an. Wir helfen den Sch\u00fclern, den Unterrichtsstoff zu verstehen und unterst\u00fctzen sie bei der L\u00f6sung ihrer individuellen schulischen Schwierigkeiten. Verbesserungen im Unterricht und gute Noten sind eine gute &hellip; <\/p>\n<p class=\"link-more\"><a href=\"https:\/\/www.multiga.de\/index.php\/abitur-vorbereitung\/\" class=\"more-link\"><span class=\"screen-reader-text\">\u201eNachhilfe &#038; Abiturvorbereitung\u201c <\/span>weiterlesen<\/a><\/p>\n","protected":false},"author":3,"featured_media":0,"parent":0,"menu_order":0,"comment_status":"closed","ping_status":"closed","template":"","meta":{"footnotes":""},"class_list":["post-386","page","type-page","status-publish","hentry","entry"],"_links":{"self":[{"href":"https:\/\/www.multiga.de\/index.php\/wp-json\/wp\/v2\/pages\/386","targetHints":{"allow":["GET"]}}],"collection":[{"href":"https:\/\/www.multiga.de\/index.php\/wp-json\/wp\/v2\/pages"}],"about":[{"href":"https:\/\/www.multiga.de\/index.php\/wp-json\/wp\/v2\/types\/page"}],"author":[{"embeddable":true,"href":"https:\/\/www.multiga.de\/index.php\/wp-json\/wp\/v2\/users\/3"}],"replies":[{"embeddable":true,"href":"https:\/\/www.multiga.de\/index.php\/wp-json\/wp\/v2\/comments?post=386"}],"version-history":[{"count":9,"href":"https:\/\/www.multiga.de\/index.php\/wp-json\/wp\/v2\/pages\/386\/revisions"}],"predecessor-version":[{"id":757,"href":"https:\/\/www.multiga.de\/index.php\/wp-json\/wp\/v2\/pages\/386\/revisions\/757"}],"wp:attachment":[{"href":"https:\/\/www.multiga.de\/index.php\/wp-json\/wp\/v2\/media?parent=386"}],"curies":[{"name":"wp","href":"https:\/\/api.w.org\/{rel}","templated":true}]}}