{"id":64,"date":"2019-10-17T12:35:53","date_gmt":"2019-10-17T12:35:53","guid":{"rendered":"https:\/\/www.hosting124082.a2fd9.netcup.net\/multigatest\/?page_id=64"},"modified":"2023-03-24T19:38:22","modified_gmt":"2023-03-24T19:38:22","slug":"jobs","status":"publish","type":"page","link":"https:\/\/www.multiga.de\/index.php\/jobs\/","title":{"rendered":"Jobs"},"content":{"rendered":"\n<p>Wir suchen qualifizierte, erfahrene\nLehrkr\u00e4fte, die Freude an einer l\u00e4ngerfristigen Zusammenarbeit in der\nErwachsenenbildung haben. Unser Hauptaugenmerk liegt hierbei auf der\nfremdsprachlichen Aus- und Weiterbildung in Englisch, Business English,\nDeutsch, Franz\u00f6sisch, Spanisch und Italienisch. <\/p>\n\n\n\n<p>Falls Sie sich angesprochen f\u00fchlen und Sie\nneben Ihrer Muttersprache auch \u00fcber gute Deutsch-Kenntnisse verf\u00fcgen, schreiben\nSie uns bitte. F\u00fcr Ihren kurzen Lebenslauf in schriftlicher Form bedanken wir\nuns bereits im Voraus. <\/p>\n\n\n\n<p><strong>multiga Sprachenservice<br> <br> Trieler Ring 57-59<br> 63500 Seligenstadt<\/strong> <\/p>\n\n\n\n<p><strong>Tel : 06182 9597 494, 0172 73 88 957<br> <\/strong><\/p>\n\n\n\n<p><strong>Email : <\/strong><a href=\"mailto:info@multiga.de\"><strong>info@multiga.de<\/strong><\/a><\/p>\n","protected":false},"excerpt":{"rendered":"<p>Wir suchen qualifizierte, erfahrene Lehrkr\u00e4fte, die Freude an einer l\u00e4ngerfristigen Zusammenarbeit in der Erwachsenenbildung haben. Unser Hauptaugenmerk liegt hierbei auf der fremdsprachlichen Aus- und Weiterbildung in Englisch, Business English, Deutsch, Franz\u00f6sisch, Spanisch und Italienisch. Falls Sie sich angesprochen f\u00fchlen und Sie neben Ihrer Muttersprache auch \u00fcber gute Deutsch-Kenntnisse verf\u00fcgen, schreiben Sie uns bitte. F\u00fcr Ihren &hellip; <\/p>\n<p class=\"link-more\"><a href=\"https:\/\/www.multiga.de\/index.php\/jobs\/\" class=\"more-link\"><span class=\"screen-reader-text\">\u201eJobs\u201c <\/span>weiterlesen<\/a><\/p>\n","protected":false},"author":3,"featured_media":0,"parent":0,"menu_order":0,"comment_status":"closed","ping_status":"closed","template":"","meta":{"footnotes":""},"class_list":["post-64","page","type-page","status-publish","hentry","entry"],"_links":{"self":[{"href":"https:\/\/www.multiga.de\/index.php\/wp-json\/wp\/v2\/pages\/64","targetHints":{"allow":["GET"]}}],"collection":[{"href":"https:\/\/www.multiga.de\/index.php\/wp-json\/wp\/v2\/pages"}],"about":[{"href":"https:\/\/www.multiga.de\/index.php\/wp-json\/wp\/v2\/types\/page"}],"author":[{"embeddable":true,"href":"https:\/\/www.multiga.de\/index.php\/wp-json\/wp\/v2\/users\/3"}],"replies":[{"embeddable":true,"href":"https:\/\/www.multiga.de\/index.php\/wp-json\/wp\/v2\/comments?post=64"}],"version-history":[{"count":6,"href":"https:\/\/www.multiga.de\/index.php\/wp-json\/wp\/v2\/pages\/64\/revisions"}],"predecessor-version":[{"id":754,"href":"https:\/\/www.multiga.de\/index.php\/wp-json\/wp\/v2\/pages\/64\/revisions\/754"}],"wp:attachment":[{"href":"https:\/\/www.multiga.de\/index.php\/wp-json\/wp\/v2\/media?parent=64"}],"curies":[{"name":"wp","href":"https:\/\/api.w.org\/{rel}","templated":true}]}}