{"id":643,"date":"2023-03-05T14:41:51","date_gmt":"2023-03-05T14:41:51","guid":{"rendered":"https:\/\/www.multiga.de\/?page_id=643"},"modified":"2023-03-08T10:44:11","modified_gmt":"2023-03-08T10:44:11","slug":"placement-test","status":"publish","type":"page","link":"https:\/\/www.multiga.de\/index.php\/placement-test\/","title":{"rendered":"Placement Test"},"content":{"rendered":"<p><span style=\"color: #666699;\">Machen Sie bitte diesen Test, so dass wir Ihre aktuellen Englischkenntnisse so genau wie m\u00f6glich beurteilen und Ihnen den passenden Unterricht anbieten k\u00f6nnen.<\/span><\/p>\n<p><span style=\"color: #666699;\">Bitte greifen Sie nicht zu Hilfsmitteln wie W\u00f6rterb\u00fccher oder Hilfe von Anderen zu, sonst konnte die Bewertung verf\u00e4lscht werden. Viel Spa\u00df dabei.<br \/>\n<\/span><\/p>\n<p><span style=\"color: #3366ff;\"><strong>Placement Test (Einstufungstest)<\/strong><\/span><\/p>\n<p><span style=\"color: #666699;\">F\u00fcllen Sie die L\u00fccken in der richtigen Zeitform aus, indem Sie die richtige Antwort ausw\u00e4hlen.<\/span><\/p>\n\n<div class=\"wpcf7 no-js\" id=\"wpcf7-f642-o1\" lang=\"de-DE\" dir=\"ltr\" data-wpcf7-id=\"642\">\n<div class=\"screen-reader-response\"><p role=\"status\" aria-live=\"polite\" aria-atomic=\"true\"><\/p> <ul><\/ul><\/div>\n<form action=\"\/index.php\/wp-json\/wp\/v2\/pages\/643#wpcf7-f642-o1\" method=\"post\" class=\"wpcf7-form init\" aria-label=\"Kontaktformular\" novalidate=\"novalidate\" data-status=\"init\">\n<fieldset class=\"hidden-fields-container\"><input type=\"hidden\" name=\"_wpcf7\" value=\"642\" \/><input type=\"hidden\" name=\"_wpcf7_version\" value=\"6.1.5\" \/><input type=\"hidden\" name=\"_wpcf7_locale\" value=\"de_DE\" \/><input type=\"hidden\" name=\"_wpcf7_unit_tag\" value=\"wpcf7-f642-o1\" \/><input type=\"hidden\" name=\"_wpcf7_container_post\" value=\"0\" \/><input type=\"hidden\" name=\"_wpcf7_posted_data_hash\" value=\"\" \/>\n<\/fieldset>\n<p>1) We <span class=\"wpcf7-form-control-wrap\" data-name=\"menu-1\"><select class=\"wpcf7-form-control wpcf7-select\" aria-invalid=\"false\" name=\"menu-1\"><option value=\"\"><\/option><option value=\"have seen\">have seen<\/option><option value=\"had seen\">had seen<\/option><option value=\"saw\">saw<\/option><\/select><\/span> a good film yesterday.\n<\/p>\n<p>2) <span class=\"wpcf7-form-control-wrap\" data-name=\"menu-2\"><select class=\"wpcf7-form-control wpcf7-select\" aria-invalid=\"false\" name=\"menu-2\"><option value=\"\"><\/option><option value=\"Do you see\">Do you see<\/option><option value=\"Did you see\">Did you see<\/option><option value=\"Have you seen\">Have you seen<\/option><\/select><\/span> Sylvia? I can\u2019t find her.\n<\/p>\n<p>3) A bomb exploded nearby. Luckily, I <span class=\"wpcf7-form-control-wrap\" data-name=\"menu-3\"><select class=\"wpcf7-form-control wpcf7-select\" aria-invalid=\"false\" name=\"menu-3\"><option value=\"\"><\/option><option value=\"was lying down\">was lying down<\/option><option value=\"lay down\">lay down<\/option><option value=\"am lying down\">am lying down<\/option><\/select><\/span> face to the ground.\n<\/p>\n<p>4) If only he <span class=\"wpcf7-form-control-wrap\" data-name=\"menu-4\"><select class=\"wpcf7-form-control wpcf7-select\" aria-invalid=\"false\" name=\"menu-4\"><option value=\"\"><\/option><option value=\"was\">was<\/option><option value=\"had been\">had been<\/option><option value=\"is\">is<\/option><\/select><\/span> more careful during his exam, he would have had his driving licence by now.\n<\/p>\n<p>5) <span class=\"wpcf7-form-control-wrap\" data-name=\"menu-5\"><select class=\"wpcf7-form-control wpcf7-select\" aria-invalid=\"false\" name=\"menu-5\"><option value=\"\"><\/option><option value=\"Did you see\">Did you see<\/option><option value=\"Have you seen\">Have you seen<\/option><option value=\"Are you seeing\">Are you seeing<\/option><\/select><\/span> Anne today ?<br \/>\nI saw her this morning but I haven't seen her since.\n<\/p>\n<p>6) Before I joined this company I <span class=\"wpcf7-form-control-wrap\" data-name=\"menu-6\"><select class=\"wpcf7-form-control wpcf7-select\" aria-invalid=\"false\" name=\"menu-6\"><option value=\"\"><\/option><option value=\"was working\">was working<\/option><option value=\"worked\">worked<\/option><option value=\"had been working\">had been working<\/option><\/select><\/span> as a freelancer.\n<\/p>\n<p>7) This time next week I <span class=\"wpcf7-form-control-wrap\" data-name=\"menu-7\"><select class=\"wpcf7-form-control wpcf7-select\" aria-invalid=\"false\" name=\"menu-7\"><option value=\"\"><\/option><option value=\"will fly\">will fly<\/option><option value=\"will be flying\">will be flying<\/option><option value=\"going to fly\">going to fly<\/option><\/select><\/span> over the Alps.\n<\/p>\n<p>8)\tWhen I came in she <span class=\"wpcf7-form-control-wrap\" data-name=\"menu-8\"><select class=\"wpcf7-form-control wpcf7-select\" aria-invalid=\"false\" name=\"menu-8\"><option value=\"\"><\/option><option value=\"browsed\">browsed<\/option><option value=\"was browsing\">was browsing<\/option><option value=\"is browsing\">is browsing<\/option><\/select><\/span> the internet.\n<\/p>\n<p>9)\tI'm sure you <span class=\"wpcf7-form-control-wrap\" data-name=\"menu-9\"><select class=\"wpcf7-form-control wpcf7-select\" aria-invalid=\"false\" name=\"menu-9\"><option value=\"\"><\/option><option value=\"will finish\">will finish<\/option><option value=\"will have finished\">will have finished<\/option><option value=\"will be finishing\">will be finishing<\/option><\/select><\/span> the report by tomorrow 5 p.m.\n<\/p>\n<p>10)\tI am glad that we have found a time to meet next week. I look forward to <span class=\"wpcf7-form-control-wrap\" data-name=\"menu-10\"><select class=\"wpcf7-form-control wpcf7-select\" aria-invalid=\"false\" name=\"menu-10\"><option value=\"\"><\/option><option value=\"meet\">meet<\/option><option value=\"met\">met<\/option><option value=\"meeting\">meeting<\/option><\/select><\/span> you.\n<\/p>\n<p><label span style=\"color: #666699;\"> Schreiben Sie einen Aufsatz \u00fcber ein beliebiges Thema (max.200 W\u00f6rter) (optional)<br \/>\n<span class=\"wpcf7-form-control-wrap\" data-name=\"textarea-2\"><textarea cols=\"40\" rows=\"10\" maxlength=\"2000\" class=\"wpcf7-form-control wpcf7-textarea\" aria-invalid=\"false\" name=\"textarea-2\"><\/textarea><\/span> <\/label>\n<\/p>\n<p><label span style=\"color: #666699;\"> Senden Sie uns Ihre Kontaktdaten zu und wir werden so bald wie m\u00f6glich mit Ihnen in Kontakt treten. <\/label>\n<\/p>\n<p><label> Ihr Name<br \/>\n<span class=\"wpcf7-form-control-wrap\" data-name=\"your-name\"><input size=\"40\" maxlength=\"400\" class=\"wpcf7-form-control wpcf7-text wpcf7-validates-as-required\" autocomplete=\"name\" aria-required=\"true\" aria-invalid=\"false\" value=\"\" type=\"text\" name=\"your-name\" \/><\/span> <\/label>\n<\/p>\n<p><label> Ihre E-Mail-Adresse<br \/>\n<span class=\"wpcf7-form-control-wrap\" data-name=\"your-email\"><input size=\"40\" maxlength=\"400\" class=\"wpcf7-form-control wpcf7-email wpcf7-validates-as-required wpcf7-text wpcf7-validates-as-email\" autocomplete=\"email\" aria-required=\"true\" aria-invalid=\"false\" value=\"\" type=\"email\" name=\"your-email\" \/><\/span> <\/label>\n<\/p>\n<p><label> Betreff<br \/>\n<span class=\"wpcf7-form-control-wrap\" data-name=\"your-subject\"><input size=\"40\" maxlength=\"400\" class=\"wpcf7-form-control wpcf7-text wpcf7-validates-as-required\" aria-required=\"true\" aria-invalid=\"false\" value=\"\" type=\"text\" name=\"your-subject\" \/><\/span> <\/label>\n<\/p>\n<p><label> Ihre Nachricht (optional)<br \/>\n<span class=\"wpcf7-form-control-wrap\" data-name=\"your-message\"><textarea cols=\"40\" rows=\"10\" maxlength=\"2000\" class=\"wpcf7-form-control wpcf7-textarea\" aria-invalid=\"false\" name=\"your-message\"><\/textarea><\/span> <\/label><br \/>\n<label span style=\"color: #666699;\"> Vielen Dank, dass Sie unsere Webseite besucht haben. <\/label><br \/>\n<span id=\"wpcf7-6a044d34ccdd6-wrapper\" class=\"wpcf7-form-control-wrap honeypot-774-wrap\" ><input type=\"hidden\" name=\"honeypot-774-time-start\" value=\"1778666804\"><input type=\"hidden\" name=\"honeypot-774-time-check\" value=\"3\"><label for=\"wpcf7-6a044d34ccdd6-field\" class=\"hp-message\">Bitte lasse dieses Feld leer.<\/label><input id=\"wpcf7-6a044d34ccdd6-field\"  class=\"wpcf7-form-control wpcf7-text\" type=\"text\" name=\"honeypot-774\" value=\"\" size=\"40\" tabindex=\"-1\" autocomplete=\"new-password\" \/><\/span><br \/>\n<input class=\"wpcf7-form-control wpcf7-submit has-spinner\" type=\"submit\" value=\"Senden\" \/>\n<\/p><div class=\"wpcf7-response-output\" aria-hidden=\"true\"><\/div>\n<\/form>\n<\/div>\n\n","protected":false},"excerpt":{"rendered":"<p>Machen Sie bitte diesen Test, so dass wir Ihre aktuellen Englischkenntnisse so genau wie m\u00f6glich beurteilen und Ihnen den passenden Unterricht anbieten k\u00f6nnen. Bitte greifen Sie nicht zu Hilfsmitteln wie W\u00f6rterb\u00fccher oder Hilfe von Anderen zu, sonst konnte die Bewertung verf\u00e4lscht werden. Viel Spa\u00df dabei. Placement Test (Einstufungstest) F\u00fcllen Sie die L\u00fccken in der richtigen &hellip; <\/p>\n<p class=\"link-more\"><a href=\"https:\/\/www.multiga.de\/index.php\/placement-test\/\" class=\"more-link\"><span class=\"screen-reader-text\">\u201ePlacement Test\u201c <\/span>weiterlesen<\/a><\/p>\n","protected":false},"author":3,"featured_media":0,"parent":0,"menu_order":0,"comment_status":"closed","ping_status":"closed","template":"","meta":{"footnotes":""},"class_list":["post-643","page","type-page","status-publish","hentry","entry"],"_links":{"self":[{"href":"https:\/\/www.multiga.de\/index.php\/wp-json\/wp\/v2\/pages\/643","targetHints":{"allow":["GET"]}}],"collection":[{"href":"https:\/\/www.multiga.de\/index.php\/wp-json\/wp\/v2\/pages"}],"about":[{"href":"https:\/\/www.multiga.de\/index.php\/wp-json\/wp\/v2\/types\/page"}],"author":[{"embeddable":true,"href":"https:\/\/www.multiga.de\/index.php\/wp-json\/wp\/v2\/users\/3"}],"replies":[{"embeddable":true,"href":"https:\/\/www.multiga.de\/index.php\/wp-json\/wp\/v2\/comments?post=643"}],"version-history":[{"count":10,"href":"https:\/\/www.multiga.de\/index.php\/wp-json\/wp\/v2\/pages\/643\/revisions"}],"predecessor-version":[{"id":660,"href":"https:\/\/www.multiga.de\/index.php\/wp-json\/wp\/v2\/pages\/643\/revisions\/660"}],"wp:attachment":[{"href":"https:\/\/www.multiga.de\/index.php\/wp-json\/wp\/v2\/media?parent=643"}],"curies":[{"name":"wp","href":"https:\/\/api.w.org\/{rel}","templated":true}]}}