{"id":66,"date":"2019-10-17T12:36:53","date_gmt":"2019-10-17T12:36:53","guid":{"rendered":"https:\/\/www.hosting124082.a2fd9.netcup.net\/multigatest\/?page_id=66"},"modified":"2023-03-04T21:01:40","modified_gmt":"2023-03-04T21:01:40","slug":"fr","status":"publish","type":"page","link":"https:\/\/www.multiga.de\/index.php\/fr\/","title":{"rendered":"Bienvenue \u00e0 multiga Sprachenservice"},"content":{"rendered":"\n<p><strong><em>Apprenez les langues, <\/em><\/strong><em>            <\/em><strong><em>Prenez confiance en vous\u2026&nbsp; <\/em><\/strong><em> <\/em><\/p>\n\n\n\n<p><strong>Les cours d\u2019anglais<\/strong><\/p>\n\n\n\n<p>Cours d&#8217;anglais efficaces, r\u00e9sultats garantis<strong>. <\/strong>Un professeur d\u2019anglais d\u00e9finit votre niveau lors d\u2019un audit initial puis personnalise vos cours selon votre niveau et vos besoins. La grammaire et le vocabulaire sont toujours \u00e9tudi\u00e9s avant d\u2019\u00eatre mis en pratique. Vous pratiquerez \u00e9galement l\u2019oral afin d\u2019acqu\u00e9rir les connaissances abord\u00e9es en cours.<\/p>\n\n\n\n<p>Vous pouvez attendre le niveau A1-C2\nselon l\u2019\u00e9chelle du cadre europ\u00e9en. Nous suivons les standards p\u00e9dagogues er\npr\u00e9pare les \u00e9l\u00e8ves pour les tests et les dipl\u00f4mes d\u2019\u00e9valuations internationaux\nde l\u2019universit\u00e9 de Cambridge&nbsp;: FCE, BEC, CAE, CPE et TOEFL.<\/p>\n\n\n\n<p>Nos m\u00e9thodes d\u2019apprentissages sont\nnovatrices et tr\u00e8s vari\u00e9es. De plus, les prix sont raisonnables et abordable !\nAlors si vous voulez parfaire votre anglais, venez nous rejoindre ! \u00e7a vaut\nbien le coup.<\/p>\n\n\n\n<p>Nous proposons des cours d\u2019anglais\ng\u00e9n\u00e9ral et des affaires adapt\u00e9s \u00e0 vos besoins dans la semaine, le weekend ou en\nsoir\u00e9e&nbsp;: la formation individuelle, en groupe, e-learning ou formation \u00e0\ndistance. <\/p>\n\n\n\n<p>Apprentissage des langues.<\/p>\n\n\n\n<ul class=\"wp-block-list\">\n<li>Mat\u00e9riels p\u00e9dagogiques modernes<\/li>\n\n\n\n<li>Objectifs clairement d\u00e9finis \u00e0 l\u2019avance<\/li>\n\n\n\n<li>Approche \u00ab&nbsp;communicative interactive&nbsp;\u00bb, <\/li>\n\n\n\n<li>M\u00e9thode r\u00e9guli\u00e8re et syst\u00e9matique sur une base scientifique<\/li>\n\n\n\n<li>Recours au m\u00e9thodes p\u00e9dagogiques simples et efficaces. <\/li>\n<\/ul>\n\n\n\n<p>L\u2019importance\nde la communication est tant mont\u00e9e. Nous vous aidons am\u00e9liorer des m\u00e9thodes de\nparler couramment, \u00e9crire efficient, et naturellement pour comprendre\nfacilement.<br>\n<br>\nNous nous investissons totalement dans les cours que nous donnons. Nous avons\nune m\u00e9thodologie bien pr\u00e9cise adapt\u00e9e aux besoins et aux programmes de l&#8217;\u00e9l\u00e8ve\ntout en observant leur progression. <\/p>\n\n\n\n<p>Nous veillons \u00e9galement \u00e0 vous accompagner au mieux \u00e0 votre\nr\u00e9ussite car il n&#8217;y a pas de mauvais \u00e9l\u00e8ve mais simplement des mauvaises\nm\u00e9thodes de travail<\/p>\n\n\n\n<p><strong>Les cours d\u2019Allemand<\/strong><\/p>\n\n\n\n<p>Vous \u00eates compl\u00e8tement d\u00e9butant ? D\u00e9couvrez l\u2019allemand \u00e0\nvotre rythme et progressez vers un niveau \u00e9l\u00e9mentaire.<\/p>\n\n\n\n<p>Vous n\u2019\u00eates pas d\u00e9butant ? Vous avez \u00e9tudi\u00e9 la langue allemande\nmais vous avez le sentiment de ne pas la ma\u00eetriser ? Nos cours vous remettent\nen contact avec les bases de la grammaire, puis place \u00e0 la pratique gr\u00e2ce aux\nexercices oraux.<\/p>\n\n\n\n<p>Nous offrons\ntous les services pour apprendre le langage et aussi trouver un emploi en Allemagne\navec les cours&nbsp;intensifs et pr\u00e9paratoires au test DaF.<\/p>\n\n\n\n<p>Le\ncontenu de nos cours d\u2019allemand se base sur les standards internationaux. Nous\nvous proposons des cours pour chaque niveau : Du d\u00e9butant au niveau scolaire\nA1, le niveau interm\u00e9diaire A2, B1, B2, C1 et l\u2019avanc\u00e9 C2.<\/p>\n\n\n\n<p><strong>Travailler\nen Allemagne<\/strong><strong><\/strong><\/p>\n\n\n\n<p>Laissez-nous\ntravailler ensemble, r\u00e9diger votre CV et pr\u00e9parer le dossier de candidature les\nentretiens d&#8217;embauche afin de trouver un poste appropri\u00e9 en Allemagne. Nous recherchons\ncibl\u00e9e d&#8217;emplois potentiels pour vous.<\/p>\n\n\n\n<p><br> <strong>Des ateliers pour sensibiliser sur <\/strong>: <\/p>\n\n\n\n<p>&#8211;\nl&#8217;interculturel, le march\u00e9 du travail, la l\u00e9gislation du travail, statut du\ntransfrontalier, les entreprises d&#8217;int\u00e9rim, les salaires, les contrats,\nstrat\u00e9gie recherche d&#8217;emplois, simulation entretien d&#8217;embauche en allemand, en\nface-\u00e0-face, par t\u00e9l\u00e9phone ou e-learning etc.<\/p>\n","protected":false},"excerpt":{"rendered":"<p>Apprenez les langues, Prenez confiance en vous\u2026&nbsp; Les cours d\u2019anglais Cours d&#8217;anglais efficaces, r\u00e9sultats garantis. Un professeur d\u2019anglais d\u00e9finit votre niveau lors d\u2019un audit initial puis personnalise vos cours selon votre niveau et vos besoins. La grammaire et le vocabulaire sont toujours \u00e9tudi\u00e9s avant d\u2019\u00eatre mis en pratique. Vous pratiquerez \u00e9galement l\u2019oral afin d\u2019acqu\u00e9rir les &hellip; <\/p>\n<p class=\"link-more\"><a href=\"https:\/\/www.multiga.de\/index.php\/fr\/\" class=\"more-link\"><span class=\"screen-reader-text\">\u201eBienvenue \u00e0 multiga Sprachenservice\u201c <\/span>weiterlesen<\/a><\/p>\n","protected":false},"author":3,"featured_media":0,"parent":0,"menu_order":0,"comment_status":"closed","ping_status":"closed","template":"","meta":{"footnotes":""},"class_list":["post-66","page","type-page","status-publish","hentry","entry"],"_links":{"self":[{"href":"https:\/\/www.multiga.de\/index.php\/wp-json\/wp\/v2\/pages\/66","targetHints":{"allow":["GET"]}}],"collection":[{"href":"https:\/\/www.multiga.de\/index.php\/wp-json\/wp\/v2\/pages"}],"about":[{"href":"https:\/\/www.multiga.de\/index.php\/wp-json\/wp\/v2\/types\/page"}],"author":[{"embeddable":true,"href":"https:\/\/www.multiga.de\/index.php\/wp-json\/wp\/v2\/users\/3"}],"replies":[{"embeddable":true,"href":"https:\/\/www.multiga.de\/index.php\/wp-json\/wp\/v2\/comments?post=66"}],"version-history":[{"count":4,"href":"https:\/\/www.multiga.de\/index.php\/wp-json\/wp\/v2\/pages\/66\/revisions"}],"predecessor-version":[{"id":623,"href":"https:\/\/www.multiga.de\/index.php\/wp-json\/wp\/v2\/pages\/66\/revisions\/623"}],"wp:attachment":[{"href":"https:\/\/www.multiga.de\/index.php\/wp-json\/wp\/v2\/media?parent=66"}],"curies":[{"name":"wp","href":"https:\/\/api.w.org\/{rel}","templated":true}]}}