{"id":681,"date":"2023-03-21T09:12:30","date_gmt":"2023-03-21T09:12:30","guid":{"rendered":"https:\/\/www.multiga.de\/?page_id=681"},"modified":"2023-03-21T19:50:08","modified_gmt":"2023-03-21T19:50:08","slug":"who-is-who","status":"publish","type":"page","link":"https:\/\/www.multiga.de\/index.php\/who-is-who\/","title":{"rendered":"who is who"},"content":{"rendered":"\r\n<p class=\"has-text-align-center\">&nbsp;<\/p>\r\n\r\n\r\n\r\n<figure class=\"wp-block-image size-full is-style-default\"><img loading=\"lazy\" decoding=\"async\" width=\"200\" height=\"269\" src=\"https:\/\/www.multiga.de\/wp-content\/uploads\/2023\/03\/GLweb-1.jpg\" alt=\"\" class=\"wp-image-687\"\/><\/figure>\r\n\r\n\r\n\r\n<p style=\"text-align: justify;\">Gange Lechner ist seit 2002 als Business English Trainerin t\u00e4tig. Obwohl sie Englisch-Muttersprachlerin ist, ist sie auch in Deutsch und Franz\u00f6sisch fit. Nach ihrem Postgraduierten-Diplom in International Marketing Management am Chartered Institute of Marketing setzte sie ihr Studium in International Business Management (MBA) an der University of Leicester in Gro\u00dfbritannien fort. Vor ihrer Einwanderung nach Deutschland arbeitete sie in internationalen Unternehmen sowie in der Franz\u00f6sischen Botschaft und in dem Konsulat von Madagaskar in einer diplomatischen Position.<\/p>\r\n<p>&nbsp;<\/p>\r\n<p>\r\n\r\n\r\n<p><\/p>\r\n<p><\/p>\r\n\r\n\r\n<\/p>\r\n<figure class=\"wp-block-image size-full is-resized\"><img loading=\"lazy\" decoding=\"async\" class=\"wp-image-693\" src=\"https:\/\/www.multiga.de\/wp-content\/uploads\/2023\/03\/AJweb.png\" alt=\"\" width=\"195\" height=\"216\" \/><\/figure>\r\n<p style=\"text-align: justify;\">Astrid Jannke ist spezialisiert auf das Unterrichten von Deutsch als Fremdsprache sowie von Business- und technischem Englisch. Sie hat langj\u00e4hrige Erfahrung als Dozentin an verschiedenen Universit\u00e4ten gesammelt. Sie ist zertifizierte interkulturelle Trainerin (dgikt) und zertifizierter Life Coach (evercoach by Mindvalley, ICF und EMCC akkreditiert) sowie zertifizierte Sechs-Phasen-Meditationstrainerin (Mindvalley). Dar\u00fcber hinaus arbeitete sie als Co-\u00dcbersetzerin bei Springer und Lektorin beim Europ\u00e4ischen Institut f\u00fcr Energieforschung (EIfER).<\/p>\r\n<p>&nbsp;<\/p>\r\n<p>\r\n\r\n\r\n\r\n<\/p>\r\n<figure class=\"wp-block-image size-full\"><img loading=\"lazy\" decoding=\"async\" width=\"200\" height=\"266\" class=\"wp-image-695\" src=\"https:\/\/www.multiga.de\/wp-content\/uploads\/2023\/03\/MRweb.jpg\" alt=\"\" \/><\/figure>\r\n<p style=\"text-align: justify;\">Dr. Malini Roy promovierte \u00fcber die britische Romantik an der Universit\u00e4t Oxford, UK. Sie unterrichtet Englischkurse auf den CEFR-Niveaus B2 bis C2 sowie themenbezogene Kurse zur englischen Sprachpraxis. Ihre St\u00e4rken sind kreatives Schreiben, visuelles Storytelling und die Vorbereitung von Pr\u00e4sentationen. Sie hat Adaptionen von Shakespeares Theaterst\u00fccken als grafische Novellen verfasst. Sie \u00fcbersetzt ins Englische, redigiert und lektoriert akademische Arbeiten und wissenschaftliche Aufs\u00e4tze.<\/p>\r\n<p>&nbsp;<\/p>\r\n<p>\r\n\r\n\r\n\r\n<\/p>\r\n<figure class=\"wp-block-image size-full\"><img loading=\"lazy\" decoding=\"async\" width=\"200\" height=\"225\" class=\"wp-image-696\" src=\"https:\/\/www.multiga.de\/wp-content\/uploads\/2023\/03\/JSweb.jpg\" alt=\"\" \/><\/figure>\r\n<p style=\"text-align: justify;\">John Shakespeare studierte Moderne Europawissenschaften bei der Univesit\u00e4t London. Er unterst\u00fctzt unser Team bei der Vorbereitung von Unterrichtsmaterialien und \u00fcbernimmt \u00dcbersetzungen aus dem Franz\u00f6sischen und Deutschen ins Englische. Weiterhin erledigt er zahlreiche akademische und kommerzielle Unterlagen f\u00fcr unsere Kunden und besch\u00e4ftigt sich mit dem Lektorieren und Korrekturlesen von gesch\u00e4ftlichen und technischen Texten.<\/p>\r\n<p>\r\n\r\n\r\n<p><\/p>","protected":false},"excerpt":{"rendered":"<p>&nbsp; Gange Lechner ist seit 2002 als Business English Trainerin t\u00e4tig. Obwohl sie Englisch-Muttersprachlerin ist, ist sie auch in Deutsch und Franz\u00f6sisch fit. Nach ihrem Postgraduierten-Diplom in International Marketing Management am Chartered Institute of Marketing setzte sie ihr Studium in International Business Management (MBA) an der University of Leicester in Gro\u00dfbritannien fort. Vor ihrer Einwanderung &hellip; <\/p>\n<p class=\"link-more\"><a href=\"https:\/\/www.multiga.de\/index.php\/who-is-who\/\" class=\"more-link\"><span class=\"screen-reader-text\">\u201ewho is who\u201c <\/span>weiterlesen<\/a><\/p>\n","protected":false},"author":3,"featured_media":0,"parent":0,"menu_order":0,"comment_status":"closed","ping_status":"closed","template":"","meta":{"footnotes":""},"class_list":["post-681","page","type-page","status-publish","hentry","entry"],"_links":{"self":[{"href":"https:\/\/www.multiga.de\/index.php\/wp-json\/wp\/v2\/pages\/681","targetHints":{"allow":["GET"]}}],"collection":[{"href":"https:\/\/www.multiga.de\/index.php\/wp-json\/wp\/v2\/pages"}],"about":[{"href":"https:\/\/www.multiga.de\/index.php\/wp-json\/wp\/v2\/types\/page"}],"author":[{"embeddable":true,"href":"https:\/\/www.multiga.de\/index.php\/wp-json\/wp\/v2\/users\/3"}],"replies":[{"embeddable":true,"href":"https:\/\/www.multiga.de\/index.php\/wp-json\/wp\/v2\/comments?post=681"}],"version-history":[{"count":13,"href":"https:\/\/www.multiga.de\/index.php\/wp-json\/wp\/v2\/pages\/681\/revisions"}],"predecessor-version":[{"id":711,"href":"https:\/\/www.multiga.de\/index.php\/wp-json\/wp\/v2\/pages\/681\/revisions\/711"}],"wp:attachment":[{"href":"https:\/\/www.multiga.de\/index.php\/wp-json\/wp\/v2\/media?parent=681"}],"curies":[{"name":"wp","href":"https:\/\/api.w.org\/{rel}","templated":true}]}}