{"id":704,"date":"2023-03-21T19:26:49","date_gmt":"2023-03-21T19:26:49","guid":{"rendered":"https:\/\/www.multiga.de\/?page_id=704"},"modified":"2023-03-21T19:30:00","modified_gmt":"2023-03-21T19:30:00","slug":"es","status":"publish","type":"page","link":"https:\/\/www.multiga.de\/index.php\/es\/","title":{"rendered":"Bienvenido a multiga Sprachenservice"},"content":{"rendered":"<p style=\"text-align: center;\"><em>Aprender idiomas, ganar confianza&#8230;<\/em><\/p>\n<p><strong>Cursos de ingl\u00e9s<\/strong><\/p>\n<p>Cursos de ingl\u00e9s eficaces, resultados garantizados. Un profesor de ingl\u00e9s determina su nivel durante una auditor\u00eda inicial y luego personaliza sus clases seg\u00fan su nivel y sus necesidades. La gram\u00e1tica y el vocabulario se estudian siempre antes de ponerlos en pr\u00e1ctica. Tambi\u00e9n practicar\u00e1 la expresi\u00f3n oral para adquirir los conocimientos aprendidos en clase.<\/p>\n<p>Puedes esperar alcanzar el nivel A1-C2 seg\u00fan el marco europeo. Seguimos los est\u00e1ndares de ense\u00f1anza y preparamos a los estudiantes para los ex\u00e1menes y diplomas internacionales de la Universidad de Cambridge: FCE, BEC, CAE, CPE y TOEFL.<\/p>\n<p>Nuestros m\u00e9todos de aprendizaje son innovadores y variados. Adem\u00e1s, \u00a1los precios son razonables y asequibles! As\u00ed que si quieres mejorar tu ingl\u00e9s, \u00a1ven y \u00fanete a nosotros!<\/p>\n<p>Ofrecemos cursos de ingl\u00e9s general y de negocios adaptados a sus necesidades durante la semana, los fines de semana o por la noche: individuales, en grupo, e-learning o a distancia.<\/p>\n<p><strong>Aprendizaje de idiomas.<\/strong><\/p>\n<p>Material did\u00e1ctico moderno<br \/>\nObjetivos claramente definidos de antemano<br \/>\nEnfoque &#8222;comunicativo interactivo&#8220;,<br \/>\nM\u00e9todo regular y sistem\u00e1tico sobre una base cient\u00edfica<br \/>\nUtilizaci\u00f3n de m\u00e9todos de ense\u00f1anza sencillos y eficaces.<\/p>\n<p>La importancia de la comunicaci\u00f3n es muy alta. Le ayudamos a mejorar su fluidez, su expresi\u00f3n escrita y su capacidad de comprensi\u00f3n.<\/p>\n<p>Estamos totalmente comprometidos con los cursos que impartimos. Disponemos de una metodolog\u00eda precisa y adaptada a las necesidades y programas del alumno, al tiempo que observamos sus progresos.<\/p>\n<p>Tambi\u00e9n nos aseguramos de acompa\u00f1arle lo mejor posible hacia su \u00e9xito porque no hay malos estudiantes sino simplemente malos m\u00e9todos de trabajo.<\/p>\n<p><strong>Cursos de alem\u00e1n<\/strong><\/p>\n<p>\u00bfEs usted principiante? Descubra el alem\u00e1n a su ritmo y progrese hasta un nivel elemental.<\/p>\n<p>\u00bfNo es principiante? \u00bfHa estudiado alem\u00e1n pero cree que no lo domina? Nuestros cursos le introducen en los fundamentos de la gram\u00e1tica y luego practican con ejercicios orales.<\/p>\n<p>Le ofrecemos todos los servicios que necesita para aprender el idioma y tambi\u00e9n para encontrar trabajo en Alemania con los cursos intensivos y preparatorios para el examen DaF.<\/p>\n<p>El contenido de nuestros cursos de alem\u00e1n se basa en est\u00e1ndares internacionales. Ofrecemos cursos para todos los niveles: desde principiantes hasta nivel escolar A1, nivel intermedio A2, B1, B2, C1 y nivel avanzado C2.<\/p>\n<p><strong>Trabajar en Alemania<\/strong><\/p>\n<p>Deje que trabajemos con usted, redactemos su CV y preparemos su solicitud de entrevistas para encontrar un trabajo adecuado en Alemania. Seleccionamos posibles puestos de trabajo para usted.<\/p>\n<p>&nbsp;<\/p>\n","protected":false},"excerpt":{"rendered":"<p>Aprender idiomas, ganar confianza&#8230; Cursos de ingl\u00e9s Cursos de ingl\u00e9s eficaces, resultados garantizados. Un profesor de ingl\u00e9s determina su nivel durante una auditor\u00eda inicial y luego personaliza sus clases seg\u00fan su nivel y sus necesidades. La gram\u00e1tica y el vocabulario se estudian siempre antes de ponerlos en pr\u00e1ctica. Tambi\u00e9n practicar\u00e1 la expresi\u00f3n oral para adquirir &hellip; <\/p>\n<p class=\"link-more\"><a href=\"https:\/\/www.multiga.de\/index.php\/es\/\" class=\"more-link\"><span class=\"screen-reader-text\">\u201eBienvenido a multiga Sprachenservice\u201c <\/span>weiterlesen<\/a><\/p>\n","protected":false},"author":3,"featured_media":0,"parent":0,"menu_order":0,"comment_status":"closed","ping_status":"closed","template":"","meta":{"footnotes":""},"class_list":["post-704","page","type-page","status-publish","hentry","entry"],"_links":{"self":[{"href":"https:\/\/www.multiga.de\/index.php\/wp-json\/wp\/v2\/pages\/704","targetHints":{"allow":["GET"]}}],"collection":[{"href":"https:\/\/www.multiga.de\/index.php\/wp-json\/wp\/v2\/pages"}],"about":[{"href":"https:\/\/www.multiga.de\/index.php\/wp-json\/wp\/v2\/types\/page"}],"author":[{"embeddable":true,"href":"https:\/\/www.multiga.de\/index.php\/wp-json\/wp\/v2\/users\/3"}],"replies":[{"embeddable":true,"href":"https:\/\/www.multiga.de\/index.php\/wp-json\/wp\/v2\/comments?post=704"}],"version-history":[{"count":2,"href":"https:\/\/www.multiga.de\/index.php\/wp-json\/wp\/v2\/pages\/704\/revisions"}],"predecessor-version":[{"id":708,"href":"https:\/\/www.multiga.de\/index.php\/wp-json\/wp\/v2\/pages\/704\/revisions\/708"}],"wp:attachment":[{"href":"https:\/\/www.multiga.de\/index.php\/wp-json\/wp\/v2\/media?parent=704"}],"curies":[{"name":"wp","href":"https:\/\/api.w.org\/{rel}","templated":true}]}}