{"id":728,"date":"2023-03-24T19:31:52","date_gmt":"2023-03-24T19:31:52","guid":{"rendered":"https:\/\/www.multiga.de\/?page_id=728"},"modified":"2023-03-24T19:31:52","modified_gmt":"2023-03-24T19:31:52","slug":"uebersetzung","status":"publish","type":"page","link":"https:\/\/www.multiga.de\/index.php\/uebersetzung\/","title":{"rendered":"\u00dcbersetzung"},"content":{"rendered":"<p>Aufgrund der fundierten kaufm\u00e4nnischen Qualifikationen unserer Mitarbeiter und unserer \u00fcber 20-j\u00e4hrigen Erfahrung bieten wir auf Wunsch eine Vor-Ort-Betreuung in Ihrem B\u00fcro an. Dar\u00fcber hinaus verf\u00fcgen wir \u00fcber berufliche Qualifikationen in verschiedenen Fachgebieten.<\/p>\n<p>F\u00fcr besonders eilige \u00dcbersetzungen haben wir zudem einen 24 Stunden Express-Service.\u00a0 H\u00f6chste Qualit\u00e4t und 100% Vertraulichkeit sind gesichert. Wir w\u00fcrden uns freuen, wenn wir Ihr Interesse wecken konnten und Sie sich mit uns zu einem unverbindlichen Gespr\u00e4ch in Verbindung setzen.<\/p>\n<p><strong>Unsere Fachgebiete<\/strong><\/p>\n<p>Werbung \u00b7 Pressemitteilungen<\/p>\n<ul>\n<li>Brosch\u00fcren, Prospekte sowie andere Verkaufs- und Werbematerialien<\/li>\n<li>Webseiten<\/li>\n<li>Einf\u00fchrungsbriefe, Mailings<\/li>\n<\/ul>\n<p>Wirtschaft \u00b7 Jahresabschl\u00fcsse und Jahresberichte<\/p>\n<ul>\n<li>Markt- und Aktienanalysen<\/li>\n<li>Logistik<\/li>\n<li>Import- bzw. Exportunterlagen<\/li>\n<li>Qualit\u00e4tsmanagement<\/li>\n<li>Telekommunikation<\/li>\n<li>Informationstechnologie (Hardware und Software)<\/li>\n<li>Allgemeine Korrespondenz<\/li>\n<\/ul>\n<p>Recht<\/p>\n<ul>\n<li>Vertr\u00e4ge<\/li>\n<li>Versicherungsunterlagen<\/li>\n<li>Geburts-, Heirats-, Sterbe- und Scheidungsurkunden<\/li>\n<\/ul>\n<p>Allgemein \u00b7 Politik und aktuelle Angelegenheiten<\/p>\n<ul>\n<li>Bildung<\/li>\n<li>Reise und Tourismus<\/li>\n<\/ul>\n<p>Wir \u00fcbersetzen gerne Ihren Text in eine gew\u00fcnschte Sprache.\u00a0 Schicken Sie uns Ihr Anliegen.<\/p>\n","protected":false},"excerpt":{"rendered":"<p>Aufgrund der fundierten kaufm\u00e4nnischen Qualifikationen unserer Mitarbeiter und unserer \u00fcber 20-j\u00e4hrigen Erfahrung bieten wir auf Wunsch eine Vor-Ort-Betreuung in Ihrem B\u00fcro an. Dar\u00fcber hinaus verf\u00fcgen wir \u00fcber berufliche Qualifikationen in verschiedenen Fachgebieten. F\u00fcr besonders eilige \u00dcbersetzungen haben wir zudem einen 24 Stunden Express-Service.\u00a0 H\u00f6chste Qualit\u00e4t und 100% Vertraulichkeit sind gesichert. Wir w\u00fcrden uns freuen, wenn &hellip; <\/p>\n<p class=\"link-more\"><a href=\"https:\/\/www.multiga.de\/index.php\/uebersetzung\/\" class=\"more-link\"><span class=\"screen-reader-text\">\u201e\u00dcbersetzung\u201c <\/span>weiterlesen<\/a><\/p>\n","protected":false},"author":3,"featured_media":0,"parent":0,"menu_order":0,"comment_status":"closed","ping_status":"closed","template":"","meta":{"footnotes":""},"class_list":["post-728","page","type-page","status-publish","hentry","entry"],"_links":{"self":[{"href":"https:\/\/www.multiga.de\/index.php\/wp-json\/wp\/v2\/pages\/728","targetHints":{"allow":["GET"]}}],"collection":[{"href":"https:\/\/www.multiga.de\/index.php\/wp-json\/wp\/v2\/pages"}],"about":[{"href":"https:\/\/www.multiga.de\/index.php\/wp-json\/wp\/v2\/types\/page"}],"author":[{"embeddable":true,"href":"https:\/\/www.multiga.de\/index.php\/wp-json\/wp\/v2\/users\/3"}],"replies":[{"embeddable":true,"href":"https:\/\/www.multiga.de\/index.php\/wp-json\/wp\/v2\/comments?post=728"}],"version-history":[{"count":3,"href":"https:\/\/www.multiga.de\/index.php\/wp-json\/wp\/v2\/pages\/728\/revisions"}],"predecessor-version":[{"id":746,"href":"https:\/\/www.multiga.de\/index.php\/wp-json\/wp\/v2\/pages\/728\/revisions\/746"}],"wp:attachment":[{"href":"https:\/\/www.multiga.de\/index.php\/wp-json\/wp\/v2\/media?parent=728"}],"curies":[{"name":"wp","href":"https:\/\/api.w.org\/{rel}","templated":true}]}}