{"id":736,"date":"2023-03-24T19:01:10","date_gmt":"2023-03-24T19:01:10","guid":{"rendered":"https:\/\/www.multiga.de\/?page_id=736"},"modified":"2023-03-24T19:01:10","modified_gmt":"2023-03-24T19:01:10","slug":"lektorat-copy-editing","status":"publish","type":"page","link":"https:\/\/www.multiga.de\/index.php\/lektorat-copy-editing\/","title":{"rendered":"Lektorat &#8211; copy-editing"},"content":{"rendered":"<p>Lektorat beinhaltet die ganzheitliche Verbesserung eines Textes und \u00fcbernimmt zus\u00e4tzlich die stilistische \u00dcberarbeitung des Textes.<br \/>\nBeim Lektorat geht es um die Korrektur von Fehlern und unsch\u00f6nen und falschen Formulierungen.<\/p>\n<p>Wie tief der Lektor in den Text eingreift, h\u00e4ngt vom Auftraggeber ab, der f\u00fcr diese Dienstleistung bezahlt. F\u00fcr das Korrekturlesen eines Textes gibt es jedoch Standards und unterschiedliche Sprachniveaus.<br \/>\nDas Lektorat ist bei der Gestaltung Ihrer mehrsprachigen Website obligatorisch. Dar\u00fcber hinaus unterst\u00fctzen wir Sie bei der Vorbereitung von Vortr\u00e4gen, Pr\u00e4sentationen und Firmenliteratur.<\/p>\n<p>Schicken Sie uns Ihre Schriften und Texte und sehen Sie den Unterschied, nachdem wir das Lektorat durchgef\u00fchrt haben.<\/p>\n","protected":false},"excerpt":{"rendered":"<p>Lektorat beinhaltet die ganzheitliche Verbesserung eines Textes und \u00fcbernimmt zus\u00e4tzlich die stilistische \u00dcberarbeitung des Textes. Beim Lektorat geht es um die Korrektur von Fehlern und unsch\u00f6nen und falschen Formulierungen. Wie tief der Lektor in den Text eingreift, h\u00e4ngt vom Auftraggeber ab, der f\u00fcr diese Dienstleistung bezahlt. F\u00fcr das Korrekturlesen eines Textes gibt es jedoch Standards &hellip; <\/p>\n<p class=\"link-more\"><a href=\"https:\/\/www.multiga.de\/index.php\/lektorat-copy-editing\/\" class=\"more-link\"><span class=\"screen-reader-text\">\u201eLektorat &#8211; copy-editing\u201c <\/span>weiterlesen<\/a><\/p>\n","protected":false},"author":3,"featured_media":0,"parent":0,"menu_order":0,"comment_status":"closed","ping_status":"closed","template":"","meta":{"footnotes":""},"class_list":["post-736","page","type-page","status-publish","hentry","entry"],"_links":{"self":[{"href":"https:\/\/www.multiga.de\/index.php\/wp-json\/wp\/v2\/pages\/736","targetHints":{"allow":["GET"]}}],"collection":[{"href":"https:\/\/www.multiga.de\/index.php\/wp-json\/wp\/v2\/pages"}],"about":[{"href":"https:\/\/www.multiga.de\/index.php\/wp-json\/wp\/v2\/types\/page"}],"author":[{"embeddable":true,"href":"https:\/\/www.multiga.de\/index.php\/wp-json\/wp\/v2\/users\/3"}],"replies":[{"embeddable":true,"href":"https:\/\/www.multiga.de\/index.php\/wp-json\/wp\/v2\/comments?post=736"}],"version-history":[{"count":2,"href":"https:\/\/www.multiga.de\/index.php\/wp-json\/wp\/v2\/pages\/736\/revisions"}],"predecessor-version":[{"id":738,"href":"https:\/\/www.multiga.de\/index.php\/wp-json\/wp\/v2\/pages\/736\/revisions\/738"}],"wp:attachment":[{"href":"https:\/\/www.multiga.de\/index.php\/wp-json\/wp\/v2\/media?parent=736"}],"curies":[{"name":"wp","href":"https:\/\/api.w.org\/{rel}","templated":true}]}}