{"id":748,"date":"2023-03-24T19:33:08","date_gmt":"2023-03-24T19:33:08","guid":{"rendered":"https:\/\/www.multiga.de\/?page_id=748"},"modified":"2023-03-24T19:40:00","modified_gmt":"2023-03-24T19:40:00","slug":"transkription","status":"publish","type":"page","link":"https:\/\/www.multiga.de\/index.php\/transkription\/","title":{"rendered":"Transkription"},"content":{"rendered":"<p>Eine Transkription eines Gespr\u00e4chs oder einer Rede ist ein schriftlicher Text, der auf einer Aufzeichnung oder Notizen basiert.<\/p>\n<p>Branchen, f\u00fcr die wir transkribieren: Medizin, Technik, Bankwesen und f\u00fcr akademische Zwecke.<\/p>\n<p>Wir transkribieren Youtube-Videos, Podcasts, Online-Konferenzen und Meetings sowie pers\u00f6nliche Gespr\u00e4che.<\/p>\n<p>Wir bieten einen 24\/7-Service f\u00fcr dringende Angelegenheiten.<\/p>\n<p>Wenn Sie Ihre Audio-\/Videodateien schnell und genau transkribieren m\u00fcssen, kontaktieren Sie uns. Wir freuen uns auf Sie.<\/p>\n","protected":false},"excerpt":{"rendered":"<p>Eine Transkription eines Gespr\u00e4chs oder einer Rede ist ein schriftlicher Text, der auf einer Aufzeichnung oder Notizen basiert. Branchen, f\u00fcr die wir transkribieren: Medizin, Technik, Bankwesen und f\u00fcr akademische Zwecke. Wir transkribieren Youtube-Videos, Podcasts, Online-Konferenzen und Meetings sowie pers\u00f6nliche Gespr\u00e4che. Wir bieten einen 24\/7-Service f\u00fcr dringende Angelegenheiten. Wenn Sie Ihre Audio-\/Videodateien schnell und genau transkribieren &hellip; <\/p>\n<p class=\"link-more\"><a href=\"https:\/\/www.multiga.de\/index.php\/transkription\/\" class=\"more-link\"><span class=\"screen-reader-text\">\u201eTranskription\u201c <\/span>weiterlesen<\/a><\/p>\n","protected":false},"author":3,"featured_media":0,"parent":0,"menu_order":0,"comment_status":"closed","ping_status":"closed","template":"","meta":{"footnotes":""},"class_list":["post-748","page","type-page","status-publish","hentry","entry"],"_links":{"self":[{"href":"https:\/\/www.multiga.de\/index.php\/wp-json\/wp\/v2\/pages\/748","targetHints":{"allow":["GET"]}}],"collection":[{"href":"https:\/\/www.multiga.de\/index.php\/wp-json\/wp\/v2\/pages"}],"about":[{"href":"https:\/\/www.multiga.de\/index.php\/wp-json\/wp\/v2\/types\/page"}],"author":[{"embeddable":true,"href":"https:\/\/www.multiga.de\/index.php\/wp-json\/wp\/v2\/users\/3"}],"replies":[{"embeddable":true,"href":"https:\/\/www.multiga.de\/index.php\/wp-json\/wp\/v2\/comments?post=748"}],"version-history":[{"count":2,"href":"https:\/\/www.multiga.de\/index.php\/wp-json\/wp\/v2\/pages\/748\/revisions"}],"predecessor-version":[{"id":755,"href":"https:\/\/www.multiga.de\/index.php\/wp-json\/wp\/v2\/pages\/748\/revisions\/755"}],"wp:attachment":[{"href":"https:\/\/www.multiga.de\/index.php\/wp-json\/wp\/v2\/media?parent=748"}],"curies":[{"name":"wp","href":"https:\/\/api.w.org\/{rel}","templated":true}]}}