{"id":803,"date":"2023-09-13T18:13:04","date_gmt":"2023-09-13T18:13:04","guid":{"rendered":"https:\/\/www.multiga.de\/?page_id=803"},"modified":"2023-09-13T18:13:04","modified_gmt":"2023-09-13T18:13:04","slug":"sprachkurs-plus-yoga","status":"publish","type":"page","link":"https:\/\/www.multiga.de\/index.php\/sprachkurs-plus-yoga\/","title":{"rendered":"Sprachkurs PLUS Yoga"},"content":{"rendered":"<p>Viele Leute m\u00fcssen eine neue Sprache lernen und gleichzeitig k\u00f6rperlich und seelisch gesund bleiben. Leider fehlt ihnen die Zeit, beides unter einen Hut zu bekommen. Deswegen haben wir einen Sprachkurs mit einem Yogakurs kombiniert.<\/p>\n<p>Dieses einzigartige Programm bietet die M\u00f6glichkeit, z.B. Englischunterricht mit Yoga-Kursen zu verbinden, die von einem Yogatrainer\/-lehrer geleitet werden! Dieser ist sowohl f\u00fcr bereits Yoga-Praktizierende als auch f\u00fcr Yogi-Anf\u00e4nger geeignet.<\/p>\n<p>Dieser Kurs hinterl\u00e4sst bei Ihnen als Teilnehmer nicht nur ein gl\u00fcckliches, gest\u00e4rktes und entspanntes Gef\u00fchl, aber auch Verbesserung der Sprachkenntnisse. Am Anfang des Kurses wird Grammatik erkl\u00e4rt und neuer Wortschatz beigebracht. W\u00e4hrend des Yoga-Trainings werden die neuen W\u00f6rter mithilfe von kleinen S\u00e4tzen wiederholt, um den Teilnehmern das Lernen der Sprache zu erleichtern. Jeder Unterrichtsblock wird in Englisch gehalten, um optimal und wirkungsvoll in diese Sprache einzutauchen. Da die Yoga-Anweisungen auf Englisch gegeben werden, lernen sie zus\u00e4tzlich den k\u00f6rper- und bewegungsspezifischen Wortschatz kennen. Sie werden vieles in der Sprache nat\u00fcrlicherweise erlernen.<\/p>\n<p><img loading=\"lazy\" decoding=\"async\" class=\"alignnone size-full wp-image-805 alignright\" src=\"https:\/\/www.multiga.de\/wp-content\/uploads\/2023\/09\/yoga.jpg\" alt=\"\" width=\"248\" height=\"156\" \/><\/p>\n<p>Wir bieten Vinyasa Flow und Power Yoga, eine dynamische Yoga-Form zur Entwicklung der physischen Kraft und Atemkontrolle sowie eine Einf\u00fchrung in Entspannungstechniken und Meditation an.<\/p>\n<p>Unsere Yoga-Lehrer sind ausgebildet, verf\u00fcgen \u00fcber besondere Kompetenzen und werden die Teilnehmer um eine unglaubliche Erfahrung bereichern. Letztere werden auf der Suche nach einem noch besseren Lifestyle unterst\u00fctzt!<\/p>\n<p>Sprachkurs Plus Yoga kann von individuellen Personen als auch von Firmen gebucht werden.<\/p>\n<p>Die Kurse k\u00f6nnen von Montag bis Sonntag aus mehreren Zeitfenstern ausw\u00e4hlt werden.<\/p>\n<p>Kontaktieren Sie uns f\u00fcr ein ma\u00dfgeschneidertes individuelles Angebot.<\/p>\n","protected":false},"excerpt":{"rendered":"<p>Viele Leute m\u00fcssen eine neue Sprache lernen und gleichzeitig k\u00f6rperlich und seelisch gesund bleiben. Leider fehlt ihnen die Zeit, beides unter einen Hut zu bekommen. Deswegen haben wir einen Sprachkurs mit einem Yogakurs kombiniert. Dieses einzigartige Programm bietet die M\u00f6glichkeit, z.B. Englischunterricht mit Yoga-Kursen zu verbinden, die von einem Yogatrainer\/-lehrer geleitet werden! Dieser ist sowohl &hellip; <\/p>\n<p class=\"link-more\"><a href=\"https:\/\/www.multiga.de\/index.php\/sprachkurs-plus-yoga\/\" class=\"more-link\"><span class=\"screen-reader-text\">\u201eSprachkurs PLUS Yoga\u201c <\/span>weiterlesen<\/a><\/p>\n","protected":false},"author":3,"featured_media":0,"parent":0,"menu_order":0,"comment_status":"closed","ping_status":"closed","template":"","meta":{"footnotes":""},"class_list":["post-803","page","type-page","status-publish","hentry","entry"],"_links":{"self":[{"href":"https:\/\/www.multiga.de\/index.php\/wp-json\/wp\/v2\/pages\/803","targetHints":{"allow":["GET"]}}],"collection":[{"href":"https:\/\/www.multiga.de\/index.php\/wp-json\/wp\/v2\/pages"}],"about":[{"href":"https:\/\/www.multiga.de\/index.php\/wp-json\/wp\/v2\/types\/page"}],"author":[{"embeddable":true,"href":"https:\/\/www.multiga.de\/index.php\/wp-json\/wp\/v2\/users\/3"}],"replies":[{"embeddable":true,"href":"https:\/\/www.multiga.de\/index.php\/wp-json\/wp\/v2\/comments?post=803"}],"version-history":[{"count":2,"href":"https:\/\/www.multiga.de\/index.php\/wp-json\/wp\/v2\/pages\/803\/revisions"}],"predecessor-version":[{"id":806,"href":"https:\/\/www.multiga.de\/index.php\/wp-json\/wp\/v2\/pages\/803\/revisions\/806"}],"wp:attachment":[{"href":"https:\/\/www.multiga.de\/index.php\/wp-json\/wp\/v2\/media?parent=803"}],"curies":[{"name":"wp","href":"https:\/\/api.w.org\/{rel}","templated":true}]}}