{"id":92,"date":"2019-10-27T15:17:29","date_gmt":"2019-10-27T15:17:29","guid":{"rendered":"https:\/\/www.hosting124082.a2fd9.netcup.net\/multigatest\/?page_id=92"},"modified":"2023-02-28T19:51:53","modified_gmt":"2023-02-28T19:51:53","slug":"franzoesisch","status":"publish","type":"page","link":"https:\/\/www.multiga.de\/index.php\/franzoesisch\/","title":{"rendered":"Sprachen"},"content":{"rendered":"\r\n<p style=\"text-align: center;\"><span style=\"color: #0000ff;\"><strong>Franz\u00f6sisch<\/strong><\/span><\/p>\r\n<p style=\"text-align: justify;\">Franz\u00f6sisch hat heute als Amts- und Arbeitssprache nicht nur in der Europ\u00e4ischen Union, sondern auch in der NATO, der UNO, und der UNESCO zentrale Bedeutung. Schon im 18. Jahrhundert ersetzte Franz\u00f6sisch Latein als wichtigste internationale Kommunikationssprache. Im Zuge der Kolonialisierung hat sich die franz\u00f6sische Sprache bis nach Kanada, vor allem Quebec; in die Karibik und weite Teile Afrikas ausgebreitet und ist heute Amtssprache in 36 L\u00e4ndern der Welt.<\/p>\r\n\r\n\r\n\r\n<p><strong>Unser Angebot<\/strong> <img loading=\"lazy\" decoding=\"async\" width=\"150\" height=\"100\" class=\"wp-image-68\" style=\"width: 150px;\" src=\"https:\/\/www.hosting124082.a2fd9.netcup.net\/multigatest\/wp-content\/uploads\/2019\/10\/hands-600497_1920.jpg\" alt=\"\" srcset=\"https:\/\/www.multiga.de\/wp-content\/uploads\/2019\/10\/hands-600497_1920.jpg 1920w, https:\/\/www.multiga.de\/wp-content\/uploads\/2019\/10\/hands-600497_1920-300x200.jpg 300w, https:\/\/www.multiga.de\/wp-content\/uploads\/2019\/10\/hands-600497_1920-768x512.jpg 768w, https:\/\/www.multiga.de\/wp-content\/uploads\/2019\/10\/hands-600497_1920-1024x683.jpg 1024w, https:\/\/www.multiga.de\/wp-content\/uploads\/2019\/10\/hands-600497_1920-1568x1046.jpg 1568w\" sizes=\"auto, (max-width: 150px) 100vw, 150px\" \/><\/p>\r\n\r\n\r\n\r\n<p style=\"text-align: justify;\">F\u00fcr Sch\u00fcler bieten wir Nachhilfe und kontinuierliche schulbegleitende Unterst\u00fctzung. Desweiteren bereiten wir unsere Teilnehmer mit einem bew\u00e4hrten laufenden Kursangebot auf international anerkannte Zertifikate vor.<\/p>\r\n\r\n\r\n\r\n<ul class=\"wp-block-list\">\r\n<li>Nachhilfe f\u00fcr Sch\u00fcler bis zum Abitur (Leistungskurs)<\/li>\r\n<li>DELF &#8211; (Dipl\u00f4me d\u2019Etudes en Langue Fran\u00e7aise)<\/li>\r\n<li>DALF \u2013 (Dipl\u00f4me Approfondi de Langue Fran\u00e7aise)<\/li>\r\n<li>TEF &#8212; (Test d\u2019\u00c9valuation de Fran\u00e7ais)<\/li>\r\n<li>TCF- (Test de Connaissance du Fran\u00e7ais)<\/li>\r\n<li>DFP- (Dipl\u00f4mes de Fran\u00e7ais Professionnel)<\/li>\r\n<li>TFI (Test du Fran\u00e7ais International) und DELF Pro<\/li>\r\n<\/ul>\r\n\r\n\r\n\r\n<p style=\"text-align: justify;\">Sie k\u00f6nnen hier nat\u00fcrlich ausw\u00e4hlen, ob Sie Einzelunterricht erhalten oder sich in einer Gruppe anschlie\u00dfen m\u00f6chten.<\/p>\r\n\r\n\r\n\r\n<p style=\"text-align: justify;\">Kurse f\u00fcr Firmenmitarbeiter\/innen k\u00f6nnen in unseren Schulungsr\u00e4ume abgehalten werden oder direkt vor Ort.<em>\u00a0<\/em><\/p>\r\n\r\n\r\n\r\n<p style=\"text-align: justify;\">Setzen Sie sich mit uns in Verbindung. Lassen Sie uns gemeinsam den richtigen Kurs f\u00fcr Sie konzipieren.<\/p>\r\n\r\n\r\n\r\n<p class=\"has-large-font-size\" style=\"text-align: center;\"><span style=\"color: #0000ff;\"><strong>Spanisch<\/strong><\/span><\/p>\r\n\r\n\r\n\r\n<p style=\"text-align: justify;\">Kurse in Spanisch bieten wir von Anf\u00e4nger bis Fortgeschrittene, sowohl f\u00fcr Kinder als auch f\u00fcr Erwachsene.<\/p>\r\n\r\n\r\n\r\n<p style=\"text-align: justify;\"><strong>Sch\u00fclernachhilfe bis zur Abiturvorbereitung<\/strong> wird nachmittags und am Wochenende angeboten.<\/p>\r\n\r\n\r\n\r\n<p style=\"text-align: justify;\">Das Erlernen einer Sprache in der Gruppe ist abwechslungsreich und macht Spa\u00df,\u00a0 sowohl f\u00fcr Anf\u00e4nger auch als Fortgeschrittener. Ein regelm\u00e4\u00dfiger Termin 90 Minuten einmal w\u00f6chentlich ist auch neben dem Beruf gut machbar.<\/p>\r\n\r\n\r\n\r\n<p style=\"text-align: justify;\"><strong>Intensiv\/Crashkurs Spanisch<\/strong><br \/>Eine Woche intensives Lernen in einer Kleingruppe \u2013 auch als Bildungsurlaub anerkannt.<\/p>\r\n\r\n\r\n\r\n<p style=\"text-align: justify;\"><strong>Einzelunterricht in Spanisch<\/strong><br \/>Zeitlich und inhaltlich genau auf Ihre W\u00fcnsche abgestimmt. Sie k\u00f6nnen sogar den Ort selbst bestimmen, wo der Kurs stattfinden soll.<\/p>\r\n\r\n\r\n\r\n<p class=\"has-large-font-size\" style=\"text-align: center;\"><span style=\"color: #0000ff;\"><strong>Italienisch<\/strong><\/span><\/p>\r\n\r\n\r\n\r\n<p style=\"text-align: justify;\">Kurse in Italienisch bieten wir von Anf\u00e4nger bis Fortgeschrittene, sowohl f\u00fcr Kinder als auch f\u00fcr Erwachsene.<\/p>\r\n\r\n\r\n\r\n<p style=\"text-align: justify;\"><strong>Gruppenunterricht Italienish <\/strong><br \/>Das Erlernen einer Sprache in der Gruppe ist abwechslungsreich und macht Spa\u00df,\u00a0 sowohl f\u00fcr Anf\u00e4nger auch als Fortgeschrittener. Ein regelm\u00e4\u00dfiger Termin 90 Minuten einmal w\u00f6chentlich ist auch neben dem Beruf gut machbar.<\/p>\r\n\r\n\r\n\r\n<p style=\"text-align: justify;\"><strong>Intensiv\/Crashkurs Italienisch<\/strong><br \/>Eine Woche intensives Lernen in einer Kleingruppe \u2013 auch als Bildungsurlaub anerkannt.<\/p>\r\n\r\n\r\n\r\n<p style=\"text-align: justify;\"><strong>Einzelunterricht in Italenisch<\/strong><br \/>Zeitlich und inhaltlich genau auf Ihre W\u00fcnsche abgestimmt. Sie k\u00f6nnen sogar den Ort selbst bestimmen, wo der Kurs stattfinden soll. Bei Ihnen zu Hause, in Ihrer Firma oder in unseren Schulungsr\u00e4umen.<\/p>\r\n\r\n\r\n\r\n<p style=\"text-align: center;\">&#8230;&#8230;&#8230;&#8230;&#8230;&#8230;&#8230;&#8230;<br \/><strong><em>Jede neue Sprache, die wir lernen, ist ein Zuwachs an neuen Erlebnissen. \u2013 Hermann Hesse<\/em><\/strong><\/p>\r\n","protected":false},"excerpt":{"rendered":"<p>Franz\u00f6sisch Franz\u00f6sisch hat heute als Amts- und Arbeitssprache nicht nur in der Europ\u00e4ischen Union, sondern auch in der NATO, der UNO, und der UNESCO zentrale Bedeutung. Schon im 18. Jahrhundert ersetzte Franz\u00f6sisch Latein als wichtigste internationale Kommunikationssprache. Im Zuge der Kolonialisierung hat sich die franz\u00f6sische Sprache bis nach Kanada, vor allem Quebec; in die Karibik &hellip; <\/p>\n<p class=\"link-more\"><a href=\"https:\/\/www.multiga.de\/index.php\/franzoesisch\/\" class=\"more-link\"><span class=\"screen-reader-text\">\u201eSprachen\u201c <\/span>weiterlesen<\/a><\/p>\n","protected":false},"author":3,"featured_media":0,"parent":0,"menu_order":0,"comment_status":"closed","ping_status":"closed","template":"","meta":{"footnotes":""},"class_list":["post-92","page","type-page","status-publish","hentry","entry"],"_links":{"self":[{"href":"https:\/\/www.multiga.de\/index.php\/wp-json\/wp\/v2\/pages\/92","targetHints":{"allow":["GET"]}}],"collection":[{"href":"https:\/\/www.multiga.de\/index.php\/wp-json\/wp\/v2\/pages"}],"about":[{"href":"https:\/\/www.multiga.de\/index.php\/wp-json\/wp\/v2\/types\/page"}],"author":[{"embeddable":true,"href":"https:\/\/www.multiga.de\/index.php\/wp-json\/wp\/v2\/users\/3"}],"replies":[{"embeddable":true,"href":"https:\/\/www.multiga.de\/index.php\/wp-json\/wp\/v2\/comments?post=92"}],"version-history":[{"count":8,"href":"https:\/\/www.multiga.de\/index.php\/wp-json\/wp\/v2\/pages\/92\/revisions"}],"predecessor-version":[{"id":576,"href":"https:\/\/www.multiga.de\/index.php\/wp-json\/wp\/v2\/pages\/92\/revisions\/576"}],"wp:attachment":[{"href":"https:\/\/www.multiga.de\/index.php\/wp-json\/wp\/v2\/media?parent=92"}],"curies":[{"name":"wp","href":"https:\/\/api.w.org\/{rel}","templated":true}]}}